{"id":44,"date":"2017-06-19T13:09:27","date_gmt":"2017-06-19T13:09:27","guid":{"rendered":"https:\/\/www.poymena.com\/morocco\/?page_id=44"},"modified":"2025-02-18T20:12:49","modified_gmt":"2025-02-18T18:12:49","slug":"mission","status":"publish","type":"page","link":"https:\/\/www.poymena.com\/morocco\/mission\/","title":{"rendered":"Mission"},"content":{"rendered":"<div class=\"wpb-content-wrapper\"><p>[vc_row][vc_column width=&#8221;1\/6&#8243;][\/vc_column][vc_column width=&#8221;2\/3&#8243;][vc_empty_space height=&#8221;100px&#8221;][vc_separator color=&#8221;custom&#8221; accent_color=&#8221;#e3000b&#8221;][vc_column_text]<\/p>\n<h4 style=\"text-align: justify;\"><span style=\"color: #d60427;\"><span style=\"color: #e2003c;\">La mission principale de \u00ab Produit De l\u2019Ann\u00e9e \u00bb est de r\u00e9compenser les marques nationales et internationales avec un label traduisant la satisfaction des consommateurs relative \u00e0 des produits innovants et utiles.<\/span><\/span><\/h4>\n<h4 style=\"text-align: justify;\"><span style=\"color: #d60427;\"><span style=\"color: #e2003c;\">Nous sommes convaincus que l&#8217;innovation en mati\u00e8re de produits\/marketing est la seule strat\u00e9gie de r\u00e9ussite au sein de la guerre actuelle des prix sur les march\u00e9s de distribution. <\/span><\/span><\/h4>\n<p>[\/vc_column_text][vc_separator color=&#8221;custom&#8221; accent_color=&#8221;#e3000b&#8221;][vc_empty_space height=&#8221;100px&#8221;][\/vc_column][vc_column width=&#8221;1\/6&#8243;][\/vc_column][\/vc_row]<\/p>\n<\/div>","protected":false},"excerpt":{"rendered":"<p>[vc_row][vc_column width=&#8221;1\/6&#8243;][\/vc_column][vc_column width=&#8221;2\/3&#8243;][vc_empty_space height=&#8221;100px&#8221;][vc_separator color=&#8221;custom&#8221; accent_color=&#8221;#e3000b&#8221;][vc_column_text] La mission principale de \u00ab Produit De l\u2019Ann\u00e9e \u00bb est de r\u00e9compenser les marques&#8230;<\/p>\n","protected":false},"author":2,"featured_media":0,"parent":0,"menu_order":0,"comment_status":"closed","ping_status":"closed","template":"","meta":{"_acf_changed":false,"footnotes":""},"class_list":["post-44","page","type-page","status-publish","hentry"],"acf":[],"yoast_head":"<!-- This site is optimized with the Yoast SEO plugin v27.5 - https:\/\/yoast.com\/product\/yoast-seo-wordpress\/ -->\n<title>Mission - Morocco - POYMENA<\/title>\n<meta name=\"robots\" content=\"index, follow, max-snippet:-1, max-image-preview:large, max-video-preview:-1\" \/>\n<link rel=\"canonical\" href=\"https:\/\/www.poymena.com\/morocco\/mission\/\" \/>\n<meta property=\"og:locale\" content=\"en_US\" \/>\n<meta property=\"og:type\" content=\"article\" \/>\n<meta property=\"og:title\" content=\"Mission - Morocco - POYMENA\" \/>\n<meta property=\"og:description\" content=\"[vc_row][vc_column width=&#8221;1\/6&#8243;][\/vc_column][vc_column width=&#8221;2\/3&#8243;][vc_empty_space height=&#8221;100px&#8221;][vc_separator color=&#8221;custom&#8221; accent_color=&#8221;#e3000b&#8221;][vc_column_text] La mission principale de \u00ab Produit De l\u2019Ann\u00e9e \u00bb est de r\u00e9compenser les marques...\" \/>\n<meta property=\"og:url\" content=\"https:\/\/www.poymena.com\/morocco\/mission\/\" \/>\n<meta property=\"og:site_name\" content=\"Morocco - POYMENA\" \/>\n<meta property=\"article:modified_time\" content=\"2025-02-18T18:12:49+00:00\" \/>\n<meta name=\"twitter:card\" content=\"summary_large_image\" \/>\n<meta name=\"twitter:label1\" content=\"Est. reading time\" \/>\n\t<meta name=\"twitter:data1\" content=\"1 minute\" \/>\n<script type=\"application\/ld+json\" class=\"yoast-schema-graph\">{\"@context\":\"https:\\\/\\\/schema.org\",\"@graph\":[{\"@type\":\"WebPage\",\"@id\":\"https:\\\/\\\/www.poymena.com\\\/morocco\\\/mission\\\/\",\"url\":\"https:\\\/\\\/www.poymena.com\\\/morocco\\\/mission\\\/\",\"name\":\"Mission - Morocco - POYMENA\",\"isPartOf\":{\"@id\":\"https:\\\/\\\/www.poymena.com\\\/morocco\\\/#website\"},\"datePublished\":\"2017-06-19T13:09:27+00:00\",\"dateModified\":\"2025-02-18T18:12:49+00:00\",\"breadcrumb\":{\"@id\":\"https:\\\/\\\/www.poymena.com\\\/morocco\\\/mission\\\/#breadcrumb\"},\"inLanguage\":\"en-US\",\"potentialAction\":[{\"@type\":\"ReadAction\",\"target\":[\"https:\\\/\\\/www.poymena.com\\\/morocco\\\/mission\\\/\"]}]},{\"@type\":\"BreadcrumbList\",\"@id\":\"https:\\\/\\\/www.poymena.com\\\/morocco\\\/mission\\\/#breadcrumb\",\"itemListElement\":[{\"@type\":\"ListItem\",\"position\":1,\"name\":\"Home\",\"item\":\"https:\\\/\\\/www.poymena.com\\\/morocco\\\/\"},{\"@type\":\"ListItem\",\"position\":2,\"name\":\"Mission\"}]},{\"@type\":\"WebSite\",\"@id\":\"https:\\\/\\\/www.poymena.com\\\/morocco\\\/#website\",\"url\":\"https:\\\/\\\/www.poymena.com\\\/morocco\\\/\",\"name\":\"Morocco - POYMENA\",\"description\":\"\",\"potentialAction\":[{\"@type\":\"SearchAction\",\"target\":{\"@type\":\"EntryPoint\",\"urlTemplate\":\"https:\\\/\\\/www.poymena.com\\\/morocco\\\/?s={search_term_string}\"},\"query-input\":{\"@type\":\"PropertyValueSpecification\",\"valueRequired\":true,\"valueName\":\"search_term_string\"}}],\"inLanguage\":\"en-US\"}]}<\/script>\n<!-- \/ Yoast SEO plugin. -->","yoast_head_json":{"title":"Mission - Morocco - POYMENA","robots":{"index":"index","follow":"follow","max-snippet":"max-snippet:-1","max-image-preview":"max-image-preview:large","max-video-preview":"max-video-preview:-1"},"canonical":"https:\/\/www.poymena.com\/morocco\/mission\/","og_locale":"en_US","og_type":"article","og_title":"Mission - Morocco - POYMENA","og_description":"[vc_row][vc_column width=&#8221;1\/6&#8243;][\/vc_column][vc_column width=&#8221;2\/3&#8243;][vc_empty_space height=&#8221;100px&#8221;][vc_separator color=&#8221;custom&#8221; accent_color=&#8221;#e3000b&#8221;][vc_column_text] La mission principale de \u00ab Produit De l\u2019Ann\u00e9e \u00bb est de r\u00e9compenser les marques...","og_url":"https:\/\/www.poymena.com\/morocco\/mission\/","og_site_name":"Morocco - POYMENA","article_modified_time":"2025-02-18T18:12:49+00:00","twitter_card":"summary_large_image","twitter_misc":{"Est. reading time":"1 minute"},"schema":{"@context":"https:\/\/schema.org","@graph":[{"@type":"WebPage","@id":"https:\/\/www.poymena.com\/morocco\/mission\/","url":"https:\/\/www.poymena.com\/morocco\/mission\/","name":"Mission - Morocco - POYMENA","isPartOf":{"@id":"https:\/\/www.poymena.com\/morocco\/#website"},"datePublished":"2017-06-19T13:09:27+00:00","dateModified":"2025-02-18T18:12:49+00:00","breadcrumb":{"@id":"https:\/\/www.poymena.com\/morocco\/mission\/#breadcrumb"},"inLanguage":"en-US","potentialAction":[{"@type":"ReadAction","target":["https:\/\/www.poymena.com\/morocco\/mission\/"]}]},{"@type":"BreadcrumbList","@id":"https:\/\/www.poymena.com\/morocco\/mission\/#breadcrumb","itemListElement":[{"@type":"ListItem","position":1,"name":"Home","item":"https:\/\/www.poymena.com\/morocco\/"},{"@type":"ListItem","position":2,"name":"Mission"}]},{"@type":"WebSite","@id":"https:\/\/www.poymena.com\/morocco\/#website","url":"https:\/\/www.poymena.com\/morocco\/","name":"Morocco - POYMENA","description":"","potentialAction":[{"@type":"SearchAction","target":{"@type":"EntryPoint","urlTemplate":"https:\/\/www.poymena.com\/morocco\/?s={search_term_string}"},"query-input":{"@type":"PropertyValueSpecification","valueRequired":true,"valueName":"search_term_string"}}],"inLanguage":"en-US"}]}},"_links":{"self":[{"href":"https:\/\/www.poymena.com\/morocco\/wp-json\/wp\/v2\/pages\/44","targetHints":{"allow":["GET"]}}],"collection":[{"href":"https:\/\/www.poymena.com\/morocco\/wp-json\/wp\/v2\/pages"}],"about":[{"href":"https:\/\/www.poymena.com\/morocco\/wp-json\/wp\/v2\/types\/page"}],"author":[{"embeddable":true,"href":"https:\/\/www.poymena.com\/morocco\/wp-json\/wp\/v2\/users\/2"}],"replies":[{"embeddable":true,"href":"https:\/\/www.poymena.com\/morocco\/wp-json\/wp\/v2\/comments?post=44"}],"version-history":[{"count":2,"href":"https:\/\/www.poymena.com\/morocco\/wp-json\/wp\/v2\/pages\/44\/revisions"}],"predecessor-version":[{"id":158,"href":"https:\/\/www.poymena.com\/morocco\/wp-json\/wp\/v2\/pages\/44\/revisions\/158"}],"wp:attachment":[{"href":"https:\/\/www.poymena.com\/morocco\/wp-json\/wp\/v2\/media?parent=44"}],"curies":[{"name":"wp","href":"https:\/\/api.w.org\/{rel}","templated":true}]}}