{"id":52,"date":"2017-06-19T13:21:31","date_gmt":"2017-06-19T13:21:31","guid":{"rendered":"https:\/\/www.poymena.com\/morocco\/?page_id=52"},"modified":"2025-02-18T20:12:49","modified_gmt":"2025-02-18T18:12:49","slug":"expert-evaluation","status":"publish","type":"page","link":"https:\/\/www.poymena.com\/morocco\/expert-evaluation\/","title":{"rendered":"LE COMIT\u00c9 D\u2019EXPERTS"},"content":{"rendered":"<div class=\"wpb-content-wrapper\"><p>[vc_row][vc_column width=&#8221;1\/6&#8243;][\/vc_column][vc_column width=&#8221;2\/3&#8243;][vc_empty_space height=&#8221;80px&#8221;][vc_column_text]<\/p>\n<h4 style=\"text-align: center; text-transform: uppercase;\"><span style=\"color: #e2003c;\">Le r\u00f4le du comit\u00e9 d\u2019experts durant l\u2019\u00e9valuation<\/span><\/h4>\n<p>[\/vc_column_text][vc_row_inner el_class=&#8221;tick-row&#8221;][vc_column_inner el_class=&#8221;bullet-row&#8221; width=&#8221;1\/6&#8243;][vc_icon icon_fontawesome=&#8221;fa fa-plus-circle&#8221; color=&#8221;custom&#8221; custom_color=&#8221;#e2003c&#8221;][\/vc_column_inner][vc_column_inner width=&#8221;5\/6&#8243;][vc_column_text]<\/p>\n<p style=\"text-align: justify;\">La r\u00e9union du comit\u00e9 d\u2019experts s\u2019organise une fois le processus d\u2019inscription est finalis\u00e9 et clos.<\/p>\n<p>[\/vc_column_text][\/vc_column_inner][\/vc_row_inner][vc_row_inner el_class=&#8221;tick-row&#8221;][vc_column_inner el_class=&#8221;bullet-row&#8221; width=&#8221;1\/6&#8243;][vc_icon icon_fontawesome=&#8221;fa fa-plus-circle&#8221; color=&#8221;custom&#8221; custom_color=&#8221;#e2003c&#8221;][\/vc_column_inner][vc_column_inner width=&#8221;5\/6&#8243;][vc_column_text]<\/p>\n<p style=\"text-align: justify;\">Les membres du Comit\u00e9 d&#8217;Experts valident\u00a0que tous les produits propos\u00e9s respectent les crit\u00e8res et sont acceptables \u00e0 l&#8217;enqu\u00eate.<\/p>\n<p>[\/vc_column_text][\/vc_column_inner][\/vc_row_inner][vc_row_inner el_class=&#8221;tick-row&#8221;][vc_column_inner el_class=&#8221;bullet-row&#8221; width=&#8221;1\/6&#8243;][vc_icon icon_fontawesome=&#8221;fa fa-plus-circle&#8221; color=&#8221;custom&#8221; custom_color=&#8221;#e2003c&#8221;][\/vc_column_inner][vc_column_inner width=&#8221;5\/6&#8243;][vc_column_text]<\/p>\n<p style=\"text-align: justify;\">Le Comit\u00e9 validera les candidatures\u00a0et permettra aux produits s\u00e9lectionn\u00e9s de proc\u00e9der \u00e0 la phase d\u2019enqu\u00eate aupr\u00e8s des consommateurs.<\/p>\n<p>[\/vc_column_text][\/vc_column_inner][\/vc_row_inner][vc_row_inner el_class=&#8221;tick-row&#8221;][vc_column_inner el_class=&#8221;bullet-row&#8221; width=&#8221;1\/6&#8243;][vc_icon icon_fontawesome=&#8221;fa fa-plus-circle&#8221; color=&#8221;custom&#8221; custom_color=&#8221;#e2003c&#8221;][\/vc_column_inner][vc_column_inner width=&#8221;5\/6&#8243;][vc_column_text]<\/p>\n<p style=\"text-align: justify;\">Le comit\u00e9 d&#8217;experts est le garant de la transparence de la d\u00e9marche, de la d\u00e9ontologie et de la m\u00e9thodologie.<\/p>\n<p>[\/vc_column_text][\/vc_column_inner][\/vc_row_inner][vc_row_inner el_class=&#8221;tick-row&#8221;][vc_column_inner el_class=&#8221;bullet-row&#8221; width=&#8221;1\/6&#8243;][vc_icon icon_fontawesome=&#8221;fa fa-plus-circle&#8221; color=&#8221;custom&#8221; custom_color=&#8221;#e2003c&#8221;][\/vc_column_inner][vc_column_inner width=&#8221;5\/6&#8243;][vc_column_text]<\/p>\n<p style=\"text-align: justify;\">Le comit\u00e9 se compose d&#8217;un panel de professionnels de l&#8217;industrie et d&#8217;experts renomm\u00e9s de divers domaines (tels que le marketing, les m\u00e9dias).<\/p>\n<p>[\/vc_column_text][\/vc_column_inner][\/vc_row_inner][vc_empty_space height=&#8221;50px&#8221;][\/vc_column][vc_column width=&#8221;1\/6&#8243;][\/vc_column][\/vc_row][vc_row][vc_column][vc_text_separator title=&#8221; Membres du comit\u00e9 d\u2019experts &#8221; color=&#8221;custom&#8221; accent_color=&#8221;#e2003c&#8221;][\/vc_column][\/vc_row][vc_row disable_element=&#8221;yes&#8221; el_id=&#8221;pdfButton&#8221;][vc_column][vc_column_text]<\/p>\n<p style=\"text-align: center;\"><a href=\"https:\/\/www.poymena.com\/morocco\/wp-content\/uploads\/2018\/01\/comm-presse-fran\u00e7ais.pdf\" target=\"_blank\" rel=\"noopener noreferrer\"><img decoding=\"async\" src=\"https:\/\/www.poymena.com\/morocco\/wp-content\/uploads\/2018\/01\/pdfs-512.png\" height=\"64\" \/><\/a><\/p>\n<p>[\/vc_column_text][vc_column_text]<\/p>\n<p style=\"text-align: center;\"><a href=\"https:\/\/www.poymena.com\/morocco\/wp-content\/uploads\/2018\/01\/comm-presse-arabe.pdf\" target=\"_blank\" rel=\"noopener noreferrer\"><img decoding=\"async\" src=\"https:\/\/www.poymena.com\/morocco\/wp-content\/uploads\/2018\/01\/pdfs-512.png\" height=\"64\" \/><\/a><\/p>\n<p>[\/vc_column_text][\/vc_column][\/vc_row][vc_row][vc_column][vc_column_text]<\/p>\n<ul class=\"logo_new_ul dexprt_logos\">\n<li><a href=\"http:\/\/www.lemarocdigital.com\/\" target=\"_blank\" rel=\"noopener noreferrer\"><img decoding=\"async\" class=\"alignnone\" src=\"https:\/\/www.poymena.com\/morocco\/wp-content\/uploads\/2017\/06\/logo3.jpg\" alt=\"\" \/><\/a>Le Maroc Digital<\/li>\n<li><a href=\"http:\/\/www.gam.co.ma\/\" target=\"_blank\" rel=\"noopener noreferrer\"><img decoding=\"async\" class=\"alignnone\" src=\"https:\/\/www.poymena.com\/morocco\/wp-content\/uploads\/2017\/06\/logo1.jpg\" alt=\"\" \/><\/a>Groupement des Annonceurs du Maroc<\/li>\n<li><a href=\"http:\/\/www.cgem.ma\/\" target=\"_blank\" rel=\"noopener noreferrer\"><img decoding=\"async\" class=\"alignnone\" src=\"https:\/\/www.poymena.com\/morocco\/wp-content\/uploads\/2017\/06\/logo2.jpg\" alt=\"\" \/><\/a>CGEM- Conf\u00e9d\u00e9ration g\u00e9n\u00e9rale des entreprises du Maroc<\/li>\n<li><a href=\"http:\/\/www.inra.org.ma\/accueil1.asp?codelangue=23&amp;po=2\" target=\"_blank\" rel=\"noopener noreferrer\"><img decoding=\"async\" class=\"alignnone\" src=\"https:\/\/www.poymena.com\/morocco\/wp-content\/uploads\/2017\/10\/INRA.png\" alt=\"\" \/><\/a>INRA- Institut National de la Recherche Agronomique<\/li>\n<li><a href=\"http:\/\/regie3.ma\/\" target=\"_blank\" rel=\"noopener noreferrer\"><img decoding=\"async\" class=\"alignnone\" src=\"https:\/\/www.poymena.com\/morocco\/wp-content\/uploads\/2017\/10\/reige3-1.png\" alt=\"\" \/><\/a>Regie 3<\/li>\n<li><a href=\"http:\/\/www.2m.ma\/ar\/\" target=\"_blank\" rel=\"noopener noreferrer\"><img decoding=\"async\" class=\"alignnone\" src=\"https:\/\/www.poymena.com\/morocco\/wp-content\/uploads\/2017\/10\/2m-1.png\" alt=\"\" \/><\/a>2M<\/li>\n<li><a href=\"http:\/\/www.fifage.ma\/\/index.php?option=com_frontpage&amp;Itemid=1\" target=\"_blank\" rel=\"noopener noreferrer\"><img decoding=\"async\" class=\"alignnone\" src=\"https:\/\/www.poymena.com\/morocco\/wp-content\/uploads\/2017\/10\/fifage.png\" alt=\"\" \/><\/a>FIFAGE La F\u00e9d\u00e9ration des Industries Foresti\u00e8res, des Arts Graphiques et de l&#8217;Emballage<\/li>\n<li><a href=\"http:\/\/www.ciaumed.ma\/\" target=\"_blank\" rel=\"noopener noreferrer\"><img decoding=\"async\" class=\"alignnone\" src=\"https:\/\/www.poymena.com\/morocco\/wp-content\/uploads\/2017\/10\/Logo_CIAUMED.png\" alt=\"\" \/><\/a>CIAUMED- Centre Interprofessionnel d\u2019Audim\u00e9trie M\u00e9diatique<\/li>\n<li><a href=\"http:\/\/www.snrt-publicite.ma\/\" target=\"_blank\" rel=\"noopener noreferrer\"><img decoding=\"async\" class=\"alignnone\" src=\"https:\/\/www.poymena.com\/morocco\/wp-content\/uploads\/2017\/10\/Logo_Regie_SNRT.png\" alt=\"\" \/><\/a>Regie SNRT<\/li>\n<li><a href=\"#\" target=\"_blank\" rel=\"noopener noreferrer\"><img decoding=\"async\" class=\"alignnone\" src=\"https:\/\/www.poymena.com\/morocco\/wp-content\/uploads\/2017\/10\/images.png\" alt=\"\" \/><\/a>FDMC- F\u00e9d\u00e9ration Marocaine des Droits du Consommateur<\/li>\n<li><a href=\"#\" target=\"_blank\" rel=\"noopener noreferrer\"><img decoding=\"async\" class=\"alignnone\" src=\"https:\/\/www.poymena.com\/morocco\/wp-content\/uploads\/2018\/01\/Sante-plus.png\" alt=\"\" \/><\/a>Sant\u00e9 plus<\/li>\n<li><a href=\"#\" target=\"_blank\" rel=\"noopener noreferrer\"><img decoding=\"async\" class=\"alignnone\" src=\"https:\/\/www.poymena.com\/morocco\/wp-content\/uploads\/2018\/01\/Sport-Hebdo-1.jpg\" alt=\"\" \/><\/a>Sport Hebdo<\/li>\n<li><a href=\"#\" target=\"_blank\" rel=\"noopener noreferrer\"><img decoding=\"async\" class=\"alignnone\" src=\"https:\/\/www.poymena.com\/morocco\/wp-content\/uploads\/2018\/01\/Plurielle-1.png\" alt=\"\" \/><\/a>Plurielle<\/li>\n<li><a href=\"#\" target=\"_blank\" rel=\"noopener noreferrer\"><img decoding=\"async\" class=\"alignnone\" src=\"https:\/\/www.poymena.com\/morocco\/wp-content\/uploads\/2018\/01\/marjane-1.png\" alt=\"\" \/><\/a>marjane<\/li>\n<li><a href=\"#\" target=\"_blank\" rel=\"noopener noreferrer\"><img loading=\"lazy\" decoding=\"async\" class=\"alignnone\" src=\"https:\/\/www.poymena.com\/morocco\/wp-content\/uploads\/2018\/01\/LOGO-BUZZEFF-FLAT-GREEN.png\" alt=\"\" width=\"240\" height=\"145\" \/><\/a>buzzeff TV<\/li>\n<\/ul>\n<p>[\/vc_column_text][\/vc_column][\/vc_row]<\/p>\n<\/div>","protected":false},"excerpt":{"rendered":"<p>[vc_row][vc_column width=&#8221;1\/6&#8243;][\/vc_column][vc_column width=&#8221;2\/3&#8243;][vc_empty_space height=&#8221;80px&#8221;][vc_column_text] Le r\u00f4le du comit\u00e9 d\u2019experts durant l\u2019\u00e9valuation [\/vc_column_text][vc_row_inner el_class=&#8221;tick-row&#8221;][vc_column_inner el_class=&#8221;bullet-row&#8221; width=&#8221;1\/6&#8243;][vc_icon icon_fontawesome=&#8221;fa fa-plus-circle&#8221; color=&#8221;custom&#8221; custom_color=&#8221;#e2003c&#8221;][\/vc_column_inner][vc_column_inner width=&#8221;5\/6&#8243;][vc_column_text]&#8230;<\/p>\n","protected":false},"author":2,"featured_media":0,"parent":0,"menu_order":0,"comment_status":"closed","ping_status":"closed","template":"","meta":{"_acf_changed":false,"footnotes":""},"class_list":["post-52","page","type-page","status-publish","hentry"],"acf":[],"yoast_head":"<!-- This site is optimized with the Yoast SEO plugin v27.5 - https:\/\/yoast.com\/product\/yoast-seo-wordpress\/ -->\n<title>LE COMIT\u00c9 D\u2019EXPERTS - Morocco - POYMENA<\/title>\n<meta name=\"robots\" content=\"index, follow, max-snippet:-1, max-image-preview:large, max-video-preview:-1\" \/>\n<link rel=\"canonical\" href=\"https:\/\/www.poymena.com\/morocco\/expert-evaluation\/\" \/>\n<meta property=\"og:locale\" content=\"en_US\" \/>\n<meta property=\"og:type\" content=\"article\" \/>\n<meta property=\"og:title\" content=\"LE COMIT\u00c9 D\u2019EXPERTS - Morocco - POYMENA\" \/>\n<meta property=\"og:description\" content=\"[vc_row][vc_column width=&#8221;1\/6&#8243;][\/vc_column][vc_column width=&#8221;2\/3&#8243;][vc_empty_space height=&#8221;80px&#8221;][vc_column_text] Le r\u00f4le du comit\u00e9 d\u2019experts durant l\u2019\u00e9valuation [\/vc_column_text][vc_row_inner el_class=&#8221;tick-row&#8221;][vc_column_inner el_class=&#8221;bullet-row&#8221; width=&#8221;1\/6&#8243;][vc_icon icon_fontawesome=&#8221;fa fa-plus-circle&#8221; color=&#8221;custom&#8221; custom_color=&#8221;#e2003c&#8221;][\/vc_column_inner][vc_column_inner width=&#8221;5\/6&#8243;][vc_column_text]...\" \/>\n<meta property=\"og:url\" content=\"https:\/\/www.poymena.com\/morocco\/expert-evaluation\/\" \/>\n<meta property=\"og:site_name\" content=\"Morocco - POYMENA\" \/>\n<meta property=\"article:modified_time\" content=\"2025-02-18T18:12:49+00:00\" \/>\n<meta property=\"og:image\" content=\"https:\/\/www.poymena.com\/morocco\/wp-content\/uploads\/2018\/01\/pdfs-512.png\" \/>\n<meta name=\"twitter:card\" content=\"summary_large_image\" \/>\n<meta name=\"twitter:label1\" content=\"Est. reading time\" \/>\n\t<meta name=\"twitter:data1\" content=\"3 minutes\" \/>\n<script type=\"application\/ld+json\" class=\"yoast-schema-graph\">{\"@context\":\"https:\\\/\\\/schema.org\",\"@graph\":[{\"@type\":\"WebPage\",\"@id\":\"https:\\\/\\\/www.poymena.com\\\/morocco\\\/expert-evaluation\\\/\",\"url\":\"https:\\\/\\\/www.poymena.com\\\/morocco\\\/expert-evaluation\\\/\",\"name\":\"LE COMIT\u00c9 D\u2019EXPERTS - Morocco - POYMENA\",\"isPartOf\":{\"@id\":\"https:\\\/\\\/www.poymena.com\\\/morocco\\\/#website\"},\"primaryImageOfPage\":{\"@id\":\"https:\\\/\\\/www.poymena.com\\\/morocco\\\/expert-evaluation\\\/#primaryimage\"},\"image\":{\"@id\":\"https:\\\/\\\/www.poymena.com\\\/morocco\\\/expert-evaluation\\\/#primaryimage\"},\"thumbnailUrl\":\"https:\\\/\\\/www.poymena.com\\\/morocco\\\/wp-content\\\/uploads\\\/2018\\\/01\\\/pdfs-512.png\",\"datePublished\":\"2017-06-19T13:21:31+00:00\",\"dateModified\":\"2025-02-18T18:12:49+00:00\",\"breadcrumb\":{\"@id\":\"https:\\\/\\\/www.poymena.com\\\/morocco\\\/expert-evaluation\\\/#breadcrumb\"},\"inLanguage\":\"en-US\",\"potentialAction\":[{\"@type\":\"ReadAction\",\"target\":[\"https:\\\/\\\/www.poymena.com\\\/morocco\\\/expert-evaluation\\\/\"]}]},{\"@type\":\"ImageObject\",\"inLanguage\":\"en-US\",\"@id\":\"https:\\\/\\\/www.poymena.com\\\/morocco\\\/expert-evaluation\\\/#primaryimage\",\"url\":\"https:\\\/\\\/www.poymena.com\\\/morocco\\\/wp-content\\\/uploads\\\/2018\\\/01\\\/pdfs-512.png\",\"contentUrl\":\"https:\\\/\\\/www.poymena.com\\\/morocco\\\/wp-content\\\/uploads\\\/2018\\\/01\\\/pdfs-512.png\",\"width\":392,\"height\":512},{\"@type\":\"BreadcrumbList\",\"@id\":\"https:\\\/\\\/www.poymena.com\\\/morocco\\\/expert-evaluation\\\/#breadcrumb\",\"itemListElement\":[{\"@type\":\"ListItem\",\"position\":1,\"name\":\"Home\",\"item\":\"https:\\\/\\\/www.poymena.com\\\/morocco\\\/\"},{\"@type\":\"ListItem\",\"position\":2,\"name\":\"LE COMIT\u00c9 D\u2019EXPERTS\"}]},{\"@type\":\"WebSite\",\"@id\":\"https:\\\/\\\/www.poymena.com\\\/morocco\\\/#website\",\"url\":\"https:\\\/\\\/www.poymena.com\\\/morocco\\\/\",\"name\":\"Morocco - POYMENA\",\"description\":\"\",\"potentialAction\":[{\"@type\":\"SearchAction\",\"target\":{\"@type\":\"EntryPoint\",\"urlTemplate\":\"https:\\\/\\\/www.poymena.com\\\/morocco\\\/?s={search_term_string}\"},\"query-input\":{\"@type\":\"PropertyValueSpecification\",\"valueRequired\":true,\"valueName\":\"search_term_string\"}}],\"inLanguage\":\"en-US\"}]}<\/script>\n<!-- \/ Yoast SEO plugin. -->","yoast_head_json":{"title":"LE COMIT\u00c9 D\u2019EXPERTS - Morocco - POYMENA","robots":{"index":"index","follow":"follow","max-snippet":"max-snippet:-1","max-image-preview":"max-image-preview:large","max-video-preview":"max-video-preview:-1"},"canonical":"https:\/\/www.poymena.com\/morocco\/expert-evaluation\/","og_locale":"en_US","og_type":"article","og_title":"LE COMIT\u00c9 D\u2019EXPERTS - Morocco - POYMENA","og_description":"[vc_row][vc_column width=&#8221;1\/6&#8243;][\/vc_column][vc_column width=&#8221;2\/3&#8243;][vc_empty_space height=&#8221;80px&#8221;][vc_column_text] Le r\u00f4le du comit\u00e9 d\u2019experts durant l\u2019\u00e9valuation [\/vc_column_text][vc_row_inner el_class=&#8221;tick-row&#8221;][vc_column_inner el_class=&#8221;bullet-row&#8221; width=&#8221;1\/6&#8243;][vc_icon icon_fontawesome=&#8221;fa fa-plus-circle&#8221; color=&#8221;custom&#8221; custom_color=&#8221;#e2003c&#8221;][\/vc_column_inner][vc_column_inner width=&#8221;5\/6&#8243;][vc_column_text]...","og_url":"https:\/\/www.poymena.com\/morocco\/expert-evaluation\/","og_site_name":"Morocco - POYMENA","article_modified_time":"2025-02-18T18:12:49+00:00","og_image":[{"url":"https:\/\/www.poymena.com\/morocco\/wp-content\/uploads\/2018\/01\/pdfs-512.png","type":"","width":"","height":""}],"twitter_card":"summary_large_image","twitter_misc":{"Est. reading time":"3 minutes"},"schema":{"@context":"https:\/\/schema.org","@graph":[{"@type":"WebPage","@id":"https:\/\/www.poymena.com\/morocco\/expert-evaluation\/","url":"https:\/\/www.poymena.com\/morocco\/expert-evaluation\/","name":"LE COMIT\u00c9 D\u2019EXPERTS - Morocco - POYMENA","isPartOf":{"@id":"https:\/\/www.poymena.com\/morocco\/#website"},"primaryImageOfPage":{"@id":"https:\/\/www.poymena.com\/morocco\/expert-evaluation\/#primaryimage"},"image":{"@id":"https:\/\/www.poymena.com\/morocco\/expert-evaluation\/#primaryimage"},"thumbnailUrl":"https:\/\/www.poymena.com\/morocco\/wp-content\/uploads\/2018\/01\/pdfs-512.png","datePublished":"2017-06-19T13:21:31+00:00","dateModified":"2025-02-18T18:12:49+00:00","breadcrumb":{"@id":"https:\/\/www.poymena.com\/morocco\/expert-evaluation\/#breadcrumb"},"inLanguage":"en-US","potentialAction":[{"@type":"ReadAction","target":["https:\/\/www.poymena.com\/morocco\/expert-evaluation\/"]}]},{"@type":"ImageObject","inLanguage":"en-US","@id":"https:\/\/www.poymena.com\/morocco\/expert-evaluation\/#primaryimage","url":"https:\/\/www.poymena.com\/morocco\/wp-content\/uploads\/2018\/01\/pdfs-512.png","contentUrl":"https:\/\/www.poymena.com\/morocco\/wp-content\/uploads\/2018\/01\/pdfs-512.png","width":392,"height":512},{"@type":"BreadcrumbList","@id":"https:\/\/www.poymena.com\/morocco\/expert-evaluation\/#breadcrumb","itemListElement":[{"@type":"ListItem","position":1,"name":"Home","item":"https:\/\/www.poymena.com\/morocco\/"},{"@type":"ListItem","position":2,"name":"LE COMIT\u00c9 D\u2019EXPERTS"}]},{"@type":"WebSite","@id":"https:\/\/www.poymena.com\/morocco\/#website","url":"https:\/\/www.poymena.com\/morocco\/","name":"Morocco - POYMENA","description":"","potentialAction":[{"@type":"SearchAction","target":{"@type":"EntryPoint","urlTemplate":"https:\/\/www.poymena.com\/morocco\/?s={search_term_string}"},"query-input":{"@type":"PropertyValueSpecification","valueRequired":true,"valueName":"search_term_string"}}],"inLanguage":"en-US"}]}},"_links":{"self":[{"href":"https:\/\/www.poymena.com\/morocco\/wp-json\/wp\/v2\/pages\/52","targetHints":{"allow":["GET"]}}],"collection":[{"href":"https:\/\/www.poymena.com\/morocco\/wp-json\/wp\/v2\/pages"}],"about":[{"href":"https:\/\/www.poymena.com\/morocco\/wp-json\/wp\/v2\/types\/page"}],"author":[{"embeddable":true,"href":"https:\/\/www.poymena.com\/morocco\/wp-json\/wp\/v2\/users\/2"}],"replies":[{"embeddable":true,"href":"https:\/\/www.poymena.com\/morocco\/wp-json\/wp\/v2\/comments?post=52"}],"version-history":[{"count":37,"href":"https:\/\/www.poymena.com\/morocco\/wp-json\/wp\/v2\/pages\/52\/revisions"}],"predecessor-version":[{"id":637,"href":"https:\/\/www.poymena.com\/morocco\/wp-json\/wp\/v2\/pages\/52\/revisions\/637"}],"wp:attachment":[{"href":"https:\/\/www.poymena.com\/morocco\/wp-json\/wp\/v2\/media?parent=52"}],"curies":[{"name":"wp","href":"https:\/\/api.w.org\/{rel}","templated":true}]}}