{"id":63,"date":"2017-06-19T13:44:16","date_gmt":"2017-06-19T13:44:16","guid":{"rendered":"https:\/\/www.poymena.com\/morocco\/?page_id=63"},"modified":"2025-02-18T20:12:49","modified_gmt":"2025-02-18T18:12:49","slug":"poy-benefits","status":"publish","type":"page","link":"https:\/\/www.poymena.com\/morocco\/poy-benefits\/","title":{"rendered":"LE LOGO"},"content":{"rendered":"<div class=\"wpb-content-wrapper\"><p>[vc_row][vc_column][vc_empty_space height=&#8221;50px&#8221;][\/vc_column][\/vc_row][vc_row el_id=&#8221;benefit-icon&#8221;][vc_column width=&#8221;1\/3&#8243;][vc_column_text]<\/p>\n<div class=\"card benefit-card\">\n<div class=\"icon-blk\">\n<p><img decoding=\"async\" class=\"card-img-top image\" title=\"TRUSTED\" src=\"\/wp-content\/themes\/scalia\/images\/home\/trusted.png\" alt=\"CONFIANCE\" \/><\/p>\n<div class=\"overlay\">\n<div class=\"text\"><img decoding=\"async\" class=\"card-img-top\" title=\"CONFIANCE\" src=\"\/wp-content\/themes\/scalia\/images\/home\/trusted-2.png\" alt=\"CONFIANCE\" \/><\/div>\n<\/div>\n<\/div>\n<div class=\"card-block\">\n<h5 style=\"color: #e2003c; text-transform: uppercase;\">CONFIANCE<\/h5>\n<p class=\"card-text\">30 ans de partenariat<br \/>\navec des leaders comme P&amp;G, Johnson &amp; Johnson, GSK, Kimberly Clark et autre.<\/p>\n<\/div>\n<\/div>\n<p>[\/vc_column_text][\/vc_column][vc_column width=&#8221;1\/3&#8243;][vc_column_text]<\/p>\n<div class=\"card benefit-card\">\n<div class=\"icon-blk\">\n<p><img decoding=\"async\" class=\"card-img-top image\" title=\"GLOBAL\" src=\"\/wp-content\/themes\/scalia\/images\/home\/global.png\" alt=\"GLOBAL\" \/><\/p>\n<div class=\"overlay\">\n<div class=\"text\"><img decoding=\"async\" class=\"card-img-top\" title=\"GLOBAL\" src=\"\/wp-content\/themes\/scalia\/images\/home\/global-2.png\" alt=\"GLOBAL\" \/><\/div>\n<\/div>\n<\/div>\n<div class=\"card-block\">\n<h5 style=\"color: #e2003c; text-transform: uppercase;\">Global<\/h5>\n<p class=\"card-text\">Op\u00e9rant dans 40 pays\u00a0un m\u00eame objectif:<br \/>\nguider les consommateurs dans leur choix de produits<br \/>\nles plus innovants sur le march\u00e9.<\/p>\n<\/div>\n<\/div>\n<p>[\/vc_column_text][\/vc_column][vc_column width=&#8221;1\/3&#8243;][vc_column_text]<\/p>\n<div class=\"card benefit-card\">\n<div class=\"icon-blk\">\n<p><img loading=\"lazy\" decoding=\"async\" class=\"card-img-top image\" src=\"\/wp-content\/themes\/scalia\/images\/home\/independant.png\" alt=\"Independent\" width=\"80\" height=\"80\" \/><\/p>\n<div class=\"overlay\">\n<div class=\"text\"><img loading=\"lazy\" decoding=\"async\" class=\"card-img-top alignnone size-full wp-image-13592\" src=\"\/wp-content\/themes\/scalia\/images\/home\/independant-2.png\" alt=\"Independent\" width=\"80\" height=\"80\" \/><\/div>\n<\/div>\n<\/div>\n<div class=\"card-block\">\n<h5 style=\"color: #e2003c; text-transform: uppercase;\">Independent<\/h5>\n<p class=\"card-text\">Enqu\u00eate sur 2,400 consommateurs Marocains, men\u00e9e par des sp\u00e9cialistes de la recherche : Nielsen.<\/p>\n<\/div>\n<\/div>\n<p>[\/vc_column_text][\/vc_column][\/vc_row][vc_row][vc_column][vc_empty_space height=&#8221;50px&#8221;][vc_text_separator title=&#8221;LA FORCE DE PDA&#8221; color=&#8221;custom&#8221; accent_color=&#8221;#e2003c&#8221;][\/vc_column][\/vc_row][vc_row el_id=&#8221;power-of-poy&#8221;][vc_column width=&#8221;1\/6&#8243;][\/vc_column][vc_column width=&#8221;2\/3&#8243; el_class=&#8221;process&#8221;][vc_row_inner][vc_column_inner][vc_column_text]<\/p>\n<h4 style=\"text-align: center;\">Votre retour sur investissement<\/h4>\n<p>[\/vc_column_text][\/vc_column_inner][\/vc_row_inner][vc_row_inner el_class=&#8221;reason-row&#8221;][vc_column_inner el_class=&#8221;bullet-row&#8221; width=&#8221;1\/6&#8243;][vc_icon icon_fontawesome=&#8221;fa fa-plus-circle&#8221; color=&#8221;custom&#8221; custom_color=&#8221;#e2003c&#8221;][\/vc_column_inner][vc_column_inner el_class=&#8221;align-row&#8221; width=&#8221;5\/6&#8243;][vc_column_text]<\/p>\n<p style=\"text-align: justify;\">Des augmentations de ventes \u00e9tonnantes atteignent jusqu&#8217;\u00e0 135%, puisque 68% des consommateurs se disent pr\u00eats \u00e0 payer plus pour un produit avec le label \u00ab Produit de l&#8217;ann\u00e9e! \u00bb.<\/p>\n<p>[\/vc_column_text][\/vc_column_inner][\/vc_row_inner][vc_row_inner el_class=&#8221;reason-row&#8221;][vc_column_inner el_class=&#8221;bullet-row responsive-bt&#8221; width=&#8221;1\/6&#8243;][vc_icon icon_fontawesome=&#8221;fa fa-plus-circle&#8221; color=&#8221;custom&#8221; custom_color=&#8221;#e2003c&#8221;][\/vc_column_inner][vc_column_inner el_class=&#8221;align-row responsive-al&#8221; width=&#8221;5\/6&#8243;][vc_column_text]<\/p>\n<p style=\"text-align: justify;\">Augmentation du taux de p\u00e9n\u00e9tration du march\u00e9 actuel.<\/p>\n<p>[\/vc_column_text][\/vc_column_inner][\/vc_row_inner][vc_row_inner el_class=&#8221;reason-row&#8221;][vc_column_inner el_class=&#8221;bullet-row&#8221; width=&#8221;1\/6&#8243;][vc_icon icon_fontawesome=&#8221;fa fa-plus-circle&#8221; color=&#8221;custom&#8221; custom_color=&#8221;#e2003c&#8221;][\/vc_column_inner][vc_column_inner el_class=&#8221;align-row&#8221; width=&#8221;5\/6&#8243;][vc_column_text]<\/p>\n<p style=\"text-align: justify;\">Distinction du produit \u00e9lu face \u00e0 ses concurrents au niveau des rayons des supermarch\u00e9s.<\/p>\n<p>[\/vc_column_text][\/vc_column_inner][\/vc_row_inner][vc_row_inner el_class=&#8221;reason-row&#8221;][vc_column_inner el_class=&#8221;bullet-row&#8221; width=&#8221;1\/6&#8243;][vc_icon icon_fontawesome=&#8221;fa fa-plus-circle&#8221; color=&#8221;custom&#8221; custom_color=&#8221;#e2003c&#8221;][\/vc_column_inner][vc_column_inner el_class=&#8221;align-row&#8221; width=&#8221;5\/6&#8243;][vc_column_text]<\/p>\n<p style=\"text-align: justify;\">Acc\u00e8s \u00e0 une \u00e9tude de march\u00e9 professionnelle fournissant des informations pr\u00e9cieuses sur la perception de votre produit et le comportement des consommateurs par cat\u00e9gorie.<\/p>\n<p>[\/vc_column_text][\/vc_column_inner][\/vc_row_inner][vc_row_inner el_class=&#8221;reason-row&#8221;][vc_column_inner el_class=&#8221;bullet-row&#8221; width=&#8221;1\/6&#8243;][vc_icon icon_fontawesome=&#8221;fa fa-plus-circle&#8221; color=&#8221;custom&#8221; custom_color=&#8221;#e2003c&#8221;][\/vc_column_inner][vc_column_inner el_class=&#8221;align-row&#8221; width=&#8221;5\/6&#8243;][vc_column_text]<\/p>\n<p style=\"text-align: justify;\">Acc\u00e8s \u00e0 des offres int\u00e9ressantes et des r\u00e9ductions avec les partenaires m\u00e9dia de PDA.<\/p>\n<p>[\/vc_column_text][\/vc_column_inner][\/vc_row_inner][vc_row_inner el_class=&#8221;reason-row&#8221;][vc_column_inner el_class=&#8221;bullet-row&#8221; width=&#8221;1\/6&#8243;][vc_icon icon_fontawesome=&#8221;fa fa-plus-circle&#8221; color=&#8221;custom&#8221; custom_color=&#8221;#e2003c&#8221;][\/vc_column_inner][vc_column_inner el_class=&#8221;align-row&#8221; width=&#8221;5\/6&#8243;][vc_column_text]<\/p>\n<p style=\"text-align: justify;\">Utilisation du label \u00ab Produit de l&#8217;ann\u00e9e \u00bb sur tous les supports de marketing et de communication pendant 12 mois, ce qui repr\u00e9sente un outil de marketing extr\u00eamement efficace !<\/p>\n<p>[\/vc_column_text][\/vc_column_inner][\/vc_row_inner][vc_empty_space height=&#8221;50px&#8221;][\/vc_column][vc_column width=&#8221;1\/6&#8243;][\/vc_column][\/vc_row][vc_row][vc_column][vc_text_separator title=&#8221; CE QU\u2019EN PENSENT LES CONSOMMATEURS EN FRANCE? &#8221; color=&#8221;custom&#8221; accent_color=&#8221;#e2003c&#8221;][\/vc_column][\/vc_row][vc_row css=&#8221;.vc_custom_1492081327865{background-color: #eeeeee !important;}&#8221;][vc_column width=&#8221;1\/6&#8243;][\/vc_column][vc_column width=&#8221;2\/3&#8243; css=&#8221;.vc_custom_1493134994668{background-color: #eeeeee !important;}&#8221;]<div class=\"diagram-item\"><div class=\"diagram-wrapper\"><div class=\"lazy-loading lazy-loading-not-hide\" data-ll-item-delay=\"0\"><div class=\"digram-line-box lazy-loading-item\" data-ll-effect=\"action\" data-ll-action-func=\"scalia_start_line_digram\"><div class=\"skill-element\"><div class=\"skill-title\"><b>Notori\u00e9t\u00e9<\/b>(cible femmes)<sup>(1)<\/sup><b>=N<sup>o<\/sup>1 des logos<sup>(5)<\/sup><\/b><\/div><div class=\"clearfix\"><div class=\"skill-amount\">94%<\/div><div class=\"skill-line\"><div data-amount=\"94\" style=\"width: 0; background: #e2003c;\"><\/div><\/div><\/div><\/div><div class=\"skill-element\"><div class=\"skill-title\"><b>Notori\u00e9t\u00e9<\/b>(cible hommes &amp; femmes - 16-65 ans et plus)<sup>(1)<\/sup><\/div><div class=\"clearfix\"><div class=\"skill-amount\">90%<\/div><div class=\"skill-line\"><div data-amount=\"90\" style=\"width: 0; background: #e2003c;\"><\/div><\/div><\/div><\/div><div class=\"skill-element\"><div class=\"skill-title\"><b>Confiance<\/b><sup>(1)<\/sup><b>=N<sup>o<\/sup>1 des logos<\/b><sup>(5)<\/sup><\/div><div class=\"clearfix\"><div class=\"skill-amount\">100%<\/div><div class=\"skill-line\"><div data-amount=\"100\" style=\"width: 0; background: #e2003c;\"><\/div><\/div><\/div><\/div><div class=\"skill-element\"><div class=\"skill-title\"><b>Incitation a l'achat<\/b><sup>(3)<\/sup><\/div><div class=\"clearfix\"><div class=\"skill-amount\">76%<\/div><div class=\"skill-line\"><div data-amount=\"76\" style=\"width: 0; background: #e2003c;\"><\/div><\/div><\/div><\/div><div class=\"skill-element\"><div class=\"skill-title\"><b>Est une caution, une garantie, une r\u00e9f\u00e9rence<\/b><sup>(2)<\/sup><\/div><div class=\"clearfix\"><div class=\"skill-amount\">67%<\/div><div class=\"skill-line\"><div data-amount=\"67\" style=\"width: 0; background: #e2003c;\"><\/div><\/div><\/div><\/div><div class=\"skill-element\"><div class=\"skill-title\"><b>Renforcement de l'image de marque<\/b><sup>(3)<\/sup><\/div><div class=\"clearfix\"><div class=\"skill-amount\">72%<\/div><div class=\"skill-line\"><div data-amount=\"72\" style=\"width: 0; background: #e2003c;\"><\/div><\/div><\/div><\/div><div class=\"skill-element\"><div class=\"skill-title\"><b>N1 des logos indiquant que le produit est meilleur que les autres du m\u00eame type<\/b><sup>(5)<\/sup><\/div><div class=\"clearfix\"><div class=\"skill-amount\">100%<\/div><div class=\"skill-line\"><div data-amount=\"100\" style=\"width: 0; background: #e2003c;\"><\/div><\/div><\/div><\/div><div class=\"skill-element\"><div class=\"skill-title\"><b>Consommateurs convaincus d'en \u00eatre satisfaits<\/b><sup>(1)<\/sup><\/div><div class=\"clearfix\"><div class=\"skill-amount\">74%<\/div><div class=\"skill-line\"><div data-amount=\"74\" style=\"width: 0; background: #e2003c;\"><\/div><\/div><\/div><\/div><\/div><\/div><\/div><\/div>[vc_empty_space height=&#8221;20px&#8221;][vc_column_text][\/vc_column_text][\/vc_column][vc_column width=&#8221;1\/6&#8243;][\/vc_column][\/vc_row][vc_row][vc_column width=&#8221;1\/6&#8243;][\/vc_column][vc_column width=&#8221;2\/3&#8243;][vc_column_text][1]Etude lpsos en ligne r\u00e9alis\u00e9e en Mars 2017 [16-75 ans] en France<br \/>\n[2]Etude lpsos en ligne r\u00e9alis\u00e9e en Juillet 2014 [16-75 ans] en France<br \/>\n[3]Etude en ligne r\u00e9alis\u00e9e par Nielsen en Octobre 2014 [15-65 ans] en France<br \/>\n[4]Etude t\u00e9l\u00e9phonique r\u00e9alis\u00e9e par Junior ESSEC en Mars 2017 aupr\u00e8s de professionnels de la grande distribution.<br \/>\n[5]Toutes cat\u00e9gories de produits confondus parmi les logos du m\u00eame type dans un usage contextuel.[\/vc_column_text][\/vc_column][vc_column width=&#8221;1\/6&#8243;][\/vc_column][\/vc_row]<\/p>\n<\/div>","protected":false},"excerpt":{"rendered":"<p>[vc_row][vc_column][vc_empty_space height=&#8221;50px&#8221;][\/vc_column][\/vc_row][vc_row el_id=&#8221;benefit-icon&#8221;][vc_column width=&#8221;1\/3&#8243;][vc_column_text] CONFIANCE 30 ans de partenariat avec des leaders comme P&amp;G, Johnson &amp; Johnson, GSK, Kimberly Clark&#8230;<\/p>\n","protected":false},"author":2,"featured_media":0,"parent":0,"menu_order":0,"comment_status":"closed","ping_status":"closed","template":"","meta":{"_acf_changed":false,"footnotes":""},"class_list":["post-63","page","type-page","status-publish","hentry"],"acf":[],"yoast_head":"<!-- This site is optimized with the Yoast SEO plugin v27.5 - https:\/\/yoast.com\/product\/yoast-seo-wordpress\/ -->\n<title>LE LOGO - Morocco - POYMENA<\/title>\n<meta name=\"robots\" content=\"index, follow, max-snippet:-1, max-image-preview:large, max-video-preview:-1\" \/>\n<link rel=\"canonical\" href=\"https:\/\/www.poymena.com\/morocco\/poy-benefits\/\" \/>\n<meta property=\"og:locale\" content=\"en_US\" \/>\n<meta property=\"og:type\" content=\"article\" \/>\n<meta property=\"og:title\" content=\"LE LOGO - Morocco - POYMENA\" \/>\n<meta property=\"og:description\" content=\"[vc_row][vc_column][vc_empty_space height=&#8221;50px&#8221;][\/vc_column][\/vc_row][vc_row el_id=&#8221;benefit-icon&#8221;][vc_column width=&#8221;1\/3&#8243;][vc_column_text] CONFIANCE 30 ans de partenariat avec des leaders comme P&amp;G, Johnson &amp; Johnson, GSK, Kimberly Clark...\" \/>\n<meta property=\"og:url\" content=\"https:\/\/www.poymena.com\/morocco\/poy-benefits\/\" \/>\n<meta property=\"og:site_name\" content=\"Morocco - POYMENA\" \/>\n<meta property=\"article:modified_time\" content=\"2025-02-18T18:12:49+00:00\" \/>\n<meta name=\"twitter:card\" content=\"summary_large_image\" \/>\n<meta name=\"twitter:label1\" content=\"Est. reading time\" \/>\n\t<meta name=\"twitter:data1\" content=\"4 minutes\" \/>\n<script type=\"application\/ld+json\" class=\"yoast-schema-graph\">{\"@context\":\"https:\\\/\\\/schema.org\",\"@graph\":[{\"@type\":\"WebPage\",\"@id\":\"https:\\\/\\\/www.poymena.com\\\/morocco\\\/poy-benefits\\\/\",\"url\":\"https:\\\/\\\/www.poymena.com\\\/morocco\\\/poy-benefits\\\/\",\"name\":\"LE LOGO - Morocco - POYMENA\",\"isPartOf\":{\"@id\":\"https:\\\/\\\/www.poymena.com\\\/morocco\\\/#website\"},\"datePublished\":\"2017-06-19T13:44:16+00:00\",\"dateModified\":\"2025-02-18T18:12:49+00:00\",\"breadcrumb\":{\"@id\":\"https:\\\/\\\/www.poymena.com\\\/morocco\\\/poy-benefits\\\/#breadcrumb\"},\"inLanguage\":\"en-US\",\"potentialAction\":[{\"@type\":\"ReadAction\",\"target\":[\"https:\\\/\\\/www.poymena.com\\\/morocco\\\/poy-benefits\\\/\"]}]},{\"@type\":\"BreadcrumbList\",\"@id\":\"https:\\\/\\\/www.poymena.com\\\/morocco\\\/poy-benefits\\\/#breadcrumb\",\"itemListElement\":[{\"@type\":\"ListItem\",\"position\":1,\"name\":\"Home\",\"item\":\"https:\\\/\\\/www.poymena.com\\\/morocco\\\/\"},{\"@type\":\"ListItem\",\"position\":2,\"name\":\"LE LOGO\"}]},{\"@type\":\"WebSite\",\"@id\":\"https:\\\/\\\/www.poymena.com\\\/morocco\\\/#website\",\"url\":\"https:\\\/\\\/www.poymena.com\\\/morocco\\\/\",\"name\":\"Morocco - POYMENA\",\"description\":\"\",\"potentialAction\":[{\"@type\":\"SearchAction\",\"target\":{\"@type\":\"EntryPoint\",\"urlTemplate\":\"https:\\\/\\\/www.poymena.com\\\/morocco\\\/?s={search_term_string}\"},\"query-input\":{\"@type\":\"PropertyValueSpecification\",\"valueRequired\":true,\"valueName\":\"search_term_string\"}}],\"inLanguage\":\"en-US\"}]}<\/script>\n<!-- \/ Yoast SEO plugin. -->","yoast_head_json":{"title":"LE LOGO - Morocco - POYMENA","robots":{"index":"index","follow":"follow","max-snippet":"max-snippet:-1","max-image-preview":"max-image-preview:large","max-video-preview":"max-video-preview:-1"},"canonical":"https:\/\/www.poymena.com\/morocco\/poy-benefits\/","og_locale":"en_US","og_type":"article","og_title":"LE LOGO - Morocco - POYMENA","og_description":"[vc_row][vc_column][vc_empty_space height=&#8221;50px&#8221;][\/vc_column][\/vc_row][vc_row el_id=&#8221;benefit-icon&#8221;][vc_column width=&#8221;1\/3&#8243;][vc_column_text] CONFIANCE 30 ans de partenariat avec des leaders comme P&amp;G, Johnson &amp; Johnson, GSK, Kimberly Clark...","og_url":"https:\/\/www.poymena.com\/morocco\/poy-benefits\/","og_site_name":"Morocco - POYMENA","article_modified_time":"2025-02-18T18:12:49+00:00","twitter_card":"summary_large_image","twitter_misc":{"Est. reading time":"4 minutes"},"schema":{"@context":"https:\/\/schema.org","@graph":[{"@type":"WebPage","@id":"https:\/\/www.poymena.com\/morocco\/poy-benefits\/","url":"https:\/\/www.poymena.com\/morocco\/poy-benefits\/","name":"LE LOGO - Morocco - POYMENA","isPartOf":{"@id":"https:\/\/www.poymena.com\/morocco\/#website"},"datePublished":"2017-06-19T13:44:16+00:00","dateModified":"2025-02-18T18:12:49+00:00","breadcrumb":{"@id":"https:\/\/www.poymena.com\/morocco\/poy-benefits\/#breadcrumb"},"inLanguage":"en-US","potentialAction":[{"@type":"ReadAction","target":["https:\/\/www.poymena.com\/morocco\/poy-benefits\/"]}]},{"@type":"BreadcrumbList","@id":"https:\/\/www.poymena.com\/morocco\/poy-benefits\/#breadcrumb","itemListElement":[{"@type":"ListItem","position":1,"name":"Home","item":"https:\/\/www.poymena.com\/morocco\/"},{"@type":"ListItem","position":2,"name":"LE LOGO"}]},{"@type":"WebSite","@id":"https:\/\/www.poymena.com\/morocco\/#website","url":"https:\/\/www.poymena.com\/morocco\/","name":"Morocco - POYMENA","description":"","potentialAction":[{"@type":"SearchAction","target":{"@type":"EntryPoint","urlTemplate":"https:\/\/www.poymena.com\/morocco\/?s={search_term_string}"},"query-input":{"@type":"PropertyValueSpecification","valueRequired":true,"valueName":"search_term_string"}}],"inLanguage":"en-US"}]}},"_links":{"self":[{"href":"https:\/\/www.poymena.com\/morocco\/wp-json\/wp\/v2\/pages\/63","targetHints":{"allow":["GET"]}}],"collection":[{"href":"https:\/\/www.poymena.com\/morocco\/wp-json\/wp\/v2\/pages"}],"about":[{"href":"https:\/\/www.poymena.com\/morocco\/wp-json\/wp\/v2\/types\/page"}],"author":[{"embeddable":true,"href":"https:\/\/www.poymena.com\/morocco\/wp-json\/wp\/v2\/users\/2"}],"replies":[{"embeddable":true,"href":"https:\/\/www.poymena.com\/morocco\/wp-json\/wp\/v2\/comments?post=63"}],"version-history":[{"count":27,"href":"https:\/\/www.poymena.com\/morocco\/wp-json\/wp\/v2\/pages\/63\/revisions"}],"predecessor-version":[{"id":166,"href":"https:\/\/www.poymena.com\/morocco\/wp-json\/wp\/v2\/pages\/63\/revisions\/166"}],"wp:attachment":[{"href":"https:\/\/www.poymena.com\/morocco\/wp-json\/wp\/v2\/media?parent=63"}],"curies":[{"name":"wp","href":"https:\/\/api.w.org\/{rel}","templated":true}]}}