{"id":644,"date":"2020-03-30T15:11:07","date_gmt":"2020-03-30T13:11:07","guid":{"rendered":"https:\/\/www.poymena.com\/morocco\/?page_id=644"},"modified":"2025-02-18T20:12:49","modified_gmt":"2025-02-18T18:12:49","slug":"winners-2020","status":"publish","type":"page","link":"https:\/\/www.poymena.com\/morocco\/winners-2020\/","title":{"rendered":"LES PRODUITS \u00c9LUS-2020"},"content":{"rendered":"","protected":false},"excerpt":{"rendered":"","protected":false},"author":3,"featured_media":0,"parent":0,"menu_order":0,"comment_status":"closed","ping_status":"closed","template":"template-winners-2020.php","meta":{"_acf_changed":false,"footnotes":""},"class_list":["post-644","page","type-page","status-publish","hentry"],"acf":[],"yoast_head":"<!-- This site is optimized with the Yoast SEO plugin v27.5 - https:\/\/yoast.com\/product\/yoast-seo-wordpress\/ -->\n<title>LES PRODUITS \u00c9LUS-2020 - Morocco - POYMENA<\/title>\n<meta name=\"description\" content=\"Palmar\u00e8s des produits \u00e9lu produit de l&#039;ann\u00e9e -2020\" \/>\n<meta name=\"robots\" content=\"index, follow, max-snippet:-1, max-image-preview:large, max-video-preview:-1\" \/>\n<link rel=\"canonical\" href=\"https:\/\/www.poymena.com\/morocco\/winners-2020\/\" \/>\n<meta property=\"og:locale\" content=\"en_US\" \/>\n<meta property=\"og:type\" content=\"article\" \/>\n<meta property=\"og:title\" content=\"LES PRODUITS \u00c9LUS-2020 - Morocco - POYMENA\" \/>\n<meta property=\"og:description\" content=\"Palmar\u00e8s des produits \u00e9lu produit de l&#039;ann\u00e9e -2020\" \/>\n<meta property=\"og:url\" content=\"https:\/\/www.poymena.com\/morocco\/winners-2020\/\" \/>\n<meta property=\"og:site_name\" content=\"Morocco - POYMENA\" \/>\n<meta property=\"article:modified_time\" content=\"2025-02-18T18:12:49+00:00\" \/>\n<meta name=\"twitter:card\" content=\"summary_large_image\" \/>\n<script type=\"application\/ld+json\" class=\"yoast-schema-graph\">{\"@context\":\"https:\\\/\\\/schema.org\",\"@graph\":[{\"@type\":\"WebPage\",\"@id\":\"https:\\\/\\\/www.poymena.com\\\/morocco\\\/winners-2020\\\/\",\"url\":\"https:\\\/\\\/www.poymena.com\\\/morocco\\\/winners-2020\\\/\",\"name\":\"LES PRODUITS \u00c9LUS-2020 - Morocco - POYMENA\",\"isPartOf\":{\"@id\":\"https:\\\/\\\/www.poymena.com\\\/morocco\\\/#website\"},\"datePublished\":\"2020-03-30T13:11:07+00:00\",\"dateModified\":\"2025-02-18T18:12:49+00:00\",\"description\":\"Palmar\u00e8s des produits \u00e9lu produit de l'ann\u00e9e -2020\",\"breadcrumb\":{\"@id\":\"https:\\\/\\\/www.poymena.com\\\/morocco\\\/winners-2020\\\/#breadcrumb\"},\"inLanguage\":\"en-US\",\"potentialAction\":[{\"@type\":\"ReadAction\",\"target\":[\"https:\\\/\\\/www.poymena.com\\\/morocco\\\/winners-2020\\\/\"]}]},{\"@type\":\"BreadcrumbList\",\"@id\":\"https:\\\/\\\/www.poymena.com\\\/morocco\\\/winners-2020\\\/#breadcrumb\",\"itemListElement\":[{\"@type\":\"ListItem\",\"position\":1,\"name\":\"Home\",\"item\":\"https:\\\/\\\/www.poymena.com\\\/morocco\\\/\"},{\"@type\":\"ListItem\",\"position\":2,\"name\":\"LES PRODUITS \u00c9LUS-2020\"}]},{\"@type\":\"WebSite\",\"@id\":\"https:\\\/\\\/www.poymena.com\\\/morocco\\\/#website\",\"url\":\"https:\\\/\\\/www.poymena.com\\\/morocco\\\/\",\"name\":\"Morocco - POYMENA\",\"description\":\"\",\"potentialAction\":[{\"@type\":\"SearchAction\",\"target\":{\"@type\":\"EntryPoint\",\"urlTemplate\":\"https:\\\/\\\/www.poymena.com\\\/morocco\\\/?s={search_term_string}\"},\"query-input\":{\"@type\":\"PropertyValueSpecification\",\"valueRequired\":true,\"valueName\":\"search_term_string\"}}],\"inLanguage\":\"en-US\"}]}<\/script>\n<!-- \/ Yoast SEO plugin. -->","yoast_head_json":{"title":"LES PRODUITS \u00c9LUS-2020 - Morocco - POYMENA","description":"Palmar\u00e8s des produits \u00e9lu produit de l'ann\u00e9e -2020","robots":{"index":"index","follow":"follow","max-snippet":"max-snippet:-1","max-image-preview":"max-image-preview:large","max-video-preview":"max-video-preview:-1"},"canonical":"https:\/\/www.poymena.com\/morocco\/winners-2020\/","og_locale":"en_US","og_type":"article","og_title":"LES PRODUITS \u00c9LUS-2020 - Morocco - POYMENA","og_description":"Palmar\u00e8s des produits \u00e9lu produit de l'ann\u00e9e -2020","og_url":"https:\/\/www.poymena.com\/morocco\/winners-2020\/","og_site_name":"Morocco - POYMENA","article_modified_time":"2025-02-18T18:12:49+00:00","twitter_card":"summary_large_image","schema":{"@context":"https:\/\/schema.org","@graph":[{"@type":"WebPage","@id":"https:\/\/www.poymena.com\/morocco\/winners-2020\/","url":"https:\/\/www.poymena.com\/morocco\/winners-2020\/","name":"LES PRODUITS \u00c9LUS-2020 - Morocco - POYMENA","isPartOf":{"@id":"https:\/\/www.poymena.com\/morocco\/#website"},"datePublished":"2020-03-30T13:11:07+00:00","dateModified":"2025-02-18T18:12:49+00:00","description":"Palmar\u00e8s des produits \u00e9lu produit de l'ann\u00e9e -2020","breadcrumb":{"@id":"https:\/\/www.poymena.com\/morocco\/winners-2020\/#breadcrumb"},"inLanguage":"en-US","potentialAction":[{"@type":"ReadAction","target":["https:\/\/www.poymena.com\/morocco\/winners-2020\/"]}]},{"@type":"BreadcrumbList","@id":"https:\/\/www.poymena.com\/morocco\/winners-2020\/#breadcrumb","itemListElement":[{"@type":"ListItem","position":1,"name":"Home","item":"https:\/\/www.poymena.com\/morocco\/"},{"@type":"ListItem","position":2,"name":"LES PRODUITS \u00c9LUS-2020"}]},{"@type":"WebSite","@id":"https:\/\/www.poymena.com\/morocco\/#website","url":"https:\/\/www.poymena.com\/morocco\/","name":"Morocco - POYMENA","description":"","potentialAction":[{"@type":"SearchAction","target":{"@type":"EntryPoint","urlTemplate":"https:\/\/www.poymena.com\/morocco\/?s={search_term_string}"},"query-input":{"@type":"PropertyValueSpecification","valueRequired":true,"valueName":"search_term_string"}}],"inLanguage":"en-US"}]}},"_links":{"self":[{"href":"https:\/\/www.poymena.com\/morocco\/wp-json\/wp\/v2\/pages\/644","targetHints":{"allow":["GET"]}}],"collection":[{"href":"https:\/\/www.poymena.com\/morocco\/wp-json\/wp\/v2\/pages"}],"about":[{"href":"https:\/\/www.poymena.com\/morocco\/wp-json\/wp\/v2\/types\/page"}],"author":[{"embeddable":true,"href":"https:\/\/www.poymena.com\/morocco\/wp-json\/wp\/v2\/users\/3"}],"replies":[{"embeddable":true,"href":"https:\/\/www.poymena.com\/morocco\/wp-json\/wp\/v2\/comments?post=644"}],"version-history":[{"count":1,"href":"https:\/\/www.poymena.com\/morocco\/wp-json\/wp\/v2\/pages\/644\/revisions"}],"predecessor-version":[{"id":646,"href":"https:\/\/www.poymena.com\/morocco\/wp-json\/wp\/v2\/pages\/644\/revisions\/646"}],"wp:attachment":[{"href":"https:\/\/www.poymena.com\/morocco\/wp-json\/wp\/v2\/media?parent=644"}],"curies":[{"name":"wp","href":"https:\/\/api.w.org\/{rel}","templated":true}]}}