{"id":77,"date":"2017-06-19T14:17:10","date_gmt":"2017-06-19T14:17:10","guid":{"rendered":"https:\/\/www.poymena.com\/morocco\/?page_id=77"},"modified":"2025-02-18T20:12:49","modified_gmt":"2025-02-18T18:12:49","slug":"winners-2017","status":"publish","type":"page","link":"https:\/\/www.poymena.com\/morocco\/winners-2017\/","title":{"rendered":"LES PRODUITS \u00c9LUS-2017"},"content":{"rendered":"<div class=\"wpb-content-wrapper\"><p>[vc_row][vc_column][vc_column_text]<\/p>\n<p style=\"text-align: center;\">Coming soon!<\/p>\n<p style=\"text-align: center;\">La premi\u00e8re soir\u00e9e de remise de troph\u00e9e \u00e9dition 2018 aura lieu en Mars 2018.<\/p>\n<p style=\"text-align: center;\">Veuillez visiter la page\u00a0\u00ab \u00c9lu Produit De l\u2019Ann\u00e9e \u00bb dans le monde pour les laur\u00e9ats et les photos des ann\u00e9es pr\u00e9c\u00e9dentes.<\/p>\n<p style=\"text-align: center;\"><a href=\"http:\/\/www.poyworldwide.com\/\" data-saferedirecturl=\"https:\/\/www.google.com\/url?hl=en&amp;q=http:\/\/www.poyworldwide.com\/&amp;source=gmail&amp;ust=1498292655117000&amp;usg=AFQjCNHVCxewC00WCG6_qMBOAcINlf09_w\">www.poyworldwide.com<\/a><\/p>\n<p>&nbsp;<\/p>\n<p>[\/vc_column_text][\/vc_column][\/vc_row]<\/p>\n<\/div>","protected":false},"excerpt":{"rendered":"<p>[vc_row][vc_column][vc_column_text] Coming soon! La premi\u00e8re soir\u00e9e de remise de troph\u00e9e \u00e9dition 2018 aura lieu en Mars 2018. Veuillez visiter la&#8230;<\/p>\n","protected":false},"author":2,"featured_media":0,"parent":0,"menu_order":0,"comment_status":"closed","ping_status":"closed","template":"template-winners-2017.php","meta":{"_acf_changed":false,"footnotes":""},"class_list":["post-77","page","type-page","status-publish","hentry"],"acf":[],"yoast_head":"<!-- This site is optimized with the Yoast SEO plugin v27.5 - https:\/\/yoast.com\/product\/yoast-seo-wordpress\/ -->\n<title>LES PRODUITS \u00c9LUS-2017 - Morocco - POYMENA<\/title>\n<meta name=\"robots\" content=\"index, follow, max-snippet:-1, max-image-preview:large, max-video-preview:-1\" \/>\n<link rel=\"canonical\" href=\"https:\/\/www.poymena.com\/morocco\/winners-2017\/\" \/>\n<meta property=\"og:locale\" content=\"en_US\" \/>\n<meta property=\"og:type\" content=\"article\" \/>\n<meta property=\"og:title\" content=\"LES PRODUITS \u00c9LUS-2017 - Morocco - POYMENA\" \/>\n<meta property=\"og:description\" content=\"[vc_row][vc_column][vc_column_text] Coming soon! La premi\u00e8re soir\u00e9e de remise de troph\u00e9e \u00e9dition 2018 aura lieu en Mars 2018. Veuillez visiter la...\" \/>\n<meta property=\"og:url\" content=\"https:\/\/www.poymena.com\/morocco\/winners-2017\/\" \/>\n<meta property=\"og:site_name\" content=\"Morocco - POYMENA\" \/>\n<meta property=\"article:modified_time\" content=\"2025-02-18T18:12:49+00:00\" \/>\n<meta name=\"twitter:card\" content=\"summary_large_image\" \/>\n<script type=\"application\/ld+json\" class=\"yoast-schema-graph\">{\"@context\":\"https:\\\/\\\/schema.org\",\"@graph\":[{\"@type\":\"WebPage\",\"@id\":\"https:\\\/\\\/www.poymena.com\\\/morocco\\\/winners-2017\\\/\",\"url\":\"https:\\\/\\\/www.poymena.com\\\/morocco\\\/winners-2017\\\/\",\"name\":\"LES PRODUITS \u00c9LUS-2017 - Morocco - POYMENA\",\"isPartOf\":{\"@id\":\"https:\\\/\\\/www.poymena.com\\\/morocco\\\/#website\"},\"datePublished\":\"2017-06-19T14:17:10+00:00\",\"dateModified\":\"2025-02-18T18:12:49+00:00\",\"breadcrumb\":{\"@id\":\"https:\\\/\\\/www.poymena.com\\\/morocco\\\/winners-2017\\\/#breadcrumb\"},\"inLanguage\":\"en-US\",\"potentialAction\":[{\"@type\":\"ReadAction\",\"target\":[\"https:\\\/\\\/www.poymena.com\\\/morocco\\\/winners-2017\\\/\"]}]},{\"@type\":\"BreadcrumbList\",\"@id\":\"https:\\\/\\\/www.poymena.com\\\/morocco\\\/winners-2017\\\/#breadcrumb\",\"itemListElement\":[{\"@type\":\"ListItem\",\"position\":1,\"name\":\"Home\",\"item\":\"https:\\\/\\\/www.poymena.com\\\/morocco\\\/\"},{\"@type\":\"ListItem\",\"position\":2,\"name\":\"LES PRODUITS \u00c9LUS-2017\"}]},{\"@type\":\"WebSite\",\"@id\":\"https:\\\/\\\/www.poymena.com\\\/morocco\\\/#website\",\"url\":\"https:\\\/\\\/www.poymena.com\\\/morocco\\\/\",\"name\":\"Morocco - POYMENA\",\"description\":\"\",\"potentialAction\":[{\"@type\":\"SearchAction\",\"target\":{\"@type\":\"EntryPoint\",\"urlTemplate\":\"https:\\\/\\\/www.poymena.com\\\/morocco\\\/?s={search_term_string}\"},\"query-input\":{\"@type\":\"PropertyValueSpecification\",\"valueRequired\":true,\"valueName\":\"search_term_string\"}}],\"inLanguage\":\"en-US\"}]}<\/script>\n<!-- \/ Yoast SEO plugin. -->","yoast_head_json":{"title":"LES PRODUITS \u00c9LUS-2017 - Morocco - POYMENA","robots":{"index":"index","follow":"follow","max-snippet":"max-snippet:-1","max-image-preview":"max-image-preview:large","max-video-preview":"max-video-preview:-1"},"canonical":"https:\/\/www.poymena.com\/morocco\/winners-2017\/","og_locale":"en_US","og_type":"article","og_title":"LES PRODUITS \u00c9LUS-2017 - Morocco - POYMENA","og_description":"[vc_row][vc_column][vc_column_text] Coming soon! La premi\u00e8re soir\u00e9e de remise de troph\u00e9e \u00e9dition 2018 aura lieu en Mars 2018. Veuillez visiter la...","og_url":"https:\/\/www.poymena.com\/morocco\/winners-2017\/","og_site_name":"Morocco - POYMENA","article_modified_time":"2025-02-18T18:12:49+00:00","twitter_card":"summary_large_image","schema":{"@context":"https:\/\/schema.org","@graph":[{"@type":"WebPage","@id":"https:\/\/www.poymena.com\/morocco\/winners-2017\/","url":"https:\/\/www.poymena.com\/morocco\/winners-2017\/","name":"LES PRODUITS \u00c9LUS-2017 - Morocco - POYMENA","isPartOf":{"@id":"https:\/\/www.poymena.com\/morocco\/#website"},"datePublished":"2017-06-19T14:17:10+00:00","dateModified":"2025-02-18T18:12:49+00:00","breadcrumb":{"@id":"https:\/\/www.poymena.com\/morocco\/winners-2017\/#breadcrumb"},"inLanguage":"en-US","potentialAction":[{"@type":"ReadAction","target":["https:\/\/www.poymena.com\/morocco\/winners-2017\/"]}]},{"@type":"BreadcrumbList","@id":"https:\/\/www.poymena.com\/morocco\/winners-2017\/#breadcrumb","itemListElement":[{"@type":"ListItem","position":1,"name":"Home","item":"https:\/\/www.poymena.com\/morocco\/"},{"@type":"ListItem","position":2,"name":"LES PRODUITS \u00c9LUS-2017"}]},{"@type":"WebSite","@id":"https:\/\/www.poymena.com\/morocco\/#website","url":"https:\/\/www.poymena.com\/morocco\/","name":"Morocco - POYMENA","description":"","potentialAction":[{"@type":"SearchAction","target":{"@type":"EntryPoint","urlTemplate":"https:\/\/www.poymena.com\/morocco\/?s={search_term_string}"},"query-input":{"@type":"PropertyValueSpecification","valueRequired":true,"valueName":"search_term_string"}}],"inLanguage":"en-US"}]}},"_links":{"self":[{"href":"https:\/\/www.poymena.com\/morocco\/wp-json\/wp\/v2\/pages\/77","targetHints":{"allow":["GET"]}}],"collection":[{"href":"https:\/\/www.poymena.com\/morocco\/wp-json\/wp\/v2\/pages"}],"about":[{"href":"https:\/\/www.poymena.com\/morocco\/wp-json\/wp\/v2\/types\/page"}],"author":[{"embeddable":true,"href":"https:\/\/www.poymena.com\/morocco\/wp-json\/wp\/v2\/users\/2"}],"replies":[{"embeddable":true,"href":"https:\/\/www.poymena.com\/morocco\/wp-json\/wp\/v2\/comments?post=77"}],"version-history":[{"count":4,"href":"https:\/\/www.poymena.com\/morocco\/wp-json\/wp\/v2\/pages\/77\/revisions"}],"predecessor-version":[{"id":165,"href":"https:\/\/www.poymena.com\/morocco\/wp-json\/wp\/v2\/pages\/77\/revisions\/165"}],"wp:attachment":[{"href":"https:\/\/www.poymena.com\/morocco\/wp-json\/wp\/v2\/media?parent=77"}],"curies":[{"name":"wp","href":"https:\/\/api.w.org\/{rel}","templated":true}]}}