{"id":964,"date":"2024-10-09T17:11:14","date_gmt":"2024-10-09T15:11:14","guid":{"rendered":"https:\/\/www.poymena.com\/morocco\/?page_id=964"},"modified":"2025-02-18T20:12:49","modified_gmt":"2025-02-18T18:12:49","slug":"elu-produit-de-lannee-maroc-2024","status":"publish","type":"page","link":"https:\/\/www.poymena.com\/morocco\/elu-produit-de-lannee-maroc-2024\/","title":{"rendered":"Elu Produit de l&#8217;Ann\u00e9e Maroc-2024"},"content":{"rendered":"","protected":false},"excerpt":{"rendered":"","protected":false},"author":2,"featured_media":0,"parent":0,"menu_order":0,"comment_status":"closed","ping_status":"closed","template":"template-winners-2024.php","meta":{"_acf_changed":false,"footnotes":""},"class_list":["post-964","page","type-page","status-publish","hentry"],"acf":[],"yoast_head":"<!-- This site is optimized with the Yoast SEO plugin v27.6 - https:\/\/yoast.com\/product\/yoast-seo-wordpress\/ -->\n<title>Elu Produit de l&#039;Ann\u00e9e Maroc-2024 - Morocco - POYMENA<\/title>\n<meta name=\"description\" content=\"D\u00e9couvrez les produits &quot;\u00c9lu Produit de l&#039;Ann\u00e9e Maroc&quot;, pl\u00e9biscit\u00e9s par les consommateurs marocains. 30 produits Gagnants au Palmar\u00e8s 2024.\" \/>\n<meta name=\"robots\" content=\"index, follow, max-snippet:-1, max-image-preview:large, max-video-preview:-1\" \/>\n<link rel=\"canonical\" href=\"https:\/\/www.poymena.com\/morocco\/elu-produit-de-lannee-maroc-2024\/\" \/>\n<meta property=\"og:locale\" content=\"en_US\" \/>\n<meta property=\"og:type\" content=\"article\" \/>\n<meta property=\"og:title\" content=\"Elu Produit de l&#039;Ann\u00e9e Maroc-2024 - Morocco - POYMENA\" \/>\n<meta property=\"og:description\" content=\"D\u00e9couvrez les produits &quot;\u00c9lu Produit de l&#039;Ann\u00e9e Maroc&quot;, pl\u00e9biscit\u00e9s par les consommateurs marocains. 30 produits Gagnants au Palmar\u00e8s 2024.\" \/>\n<meta property=\"og:url\" content=\"https:\/\/www.poymena.com\/morocco\/elu-produit-de-lannee-maroc-2024\/\" \/>\n<meta property=\"og:site_name\" content=\"Morocco - POYMENA\" \/>\n<meta property=\"article:modified_time\" content=\"2025-02-18T18:12:49+00:00\" \/>\n<meta name=\"twitter:card\" content=\"summary_large_image\" \/>\n<script type=\"application\/ld+json\" class=\"yoast-schema-graph\">{\"@context\":\"https:\\\/\\\/schema.org\",\"@graph\":[{\"@type\":\"WebPage\",\"@id\":\"https:\\\/\\\/www.poymena.com\\\/morocco\\\/elu-produit-de-lannee-maroc-2024\\\/\",\"url\":\"https:\\\/\\\/www.poymena.com\\\/morocco\\\/elu-produit-de-lannee-maroc-2024\\\/\",\"name\":\"Elu Produit de l'Ann\u00e9e Maroc-2024 - Morocco - POYMENA\",\"isPartOf\":{\"@id\":\"https:\\\/\\\/www.poymena.com\\\/morocco\\\/#website\"},\"datePublished\":\"2024-10-09T15:11:14+00:00\",\"dateModified\":\"2025-02-18T18:12:49+00:00\",\"description\":\"D\u00e9couvrez les produits \\\"\u00c9lu Produit de l'Ann\u00e9e Maroc\\\", pl\u00e9biscit\u00e9s par les consommateurs marocains. 30 produits Gagnants au Palmar\u00e8s 2024.\",\"breadcrumb\":{\"@id\":\"https:\\\/\\\/www.poymena.com\\\/morocco\\\/elu-produit-de-lannee-maroc-2024\\\/#breadcrumb\"},\"inLanguage\":\"en-US\",\"potentialAction\":[{\"@type\":\"ReadAction\",\"target\":[\"https:\\\/\\\/www.poymena.com\\\/morocco\\\/elu-produit-de-lannee-maroc-2024\\\/\"]}]},{\"@type\":\"BreadcrumbList\",\"@id\":\"https:\\\/\\\/www.poymena.com\\\/morocco\\\/elu-produit-de-lannee-maroc-2024\\\/#breadcrumb\",\"itemListElement\":[{\"@type\":\"ListItem\",\"position\":1,\"name\":\"Home\",\"item\":\"https:\\\/\\\/www.poymena.com\\\/morocco\\\/\"},{\"@type\":\"ListItem\",\"position\":2,\"name\":\"Elu Produit de l&#8217;Ann\u00e9e Maroc-2024\"}]},{\"@type\":\"WebSite\",\"@id\":\"https:\\\/\\\/www.poymena.com\\\/morocco\\\/#website\",\"url\":\"https:\\\/\\\/www.poymena.com\\\/morocco\\\/\",\"name\":\"Morocco - POYMENA\",\"description\":\"\",\"potentialAction\":[{\"@type\":\"SearchAction\",\"target\":{\"@type\":\"EntryPoint\",\"urlTemplate\":\"https:\\\/\\\/www.poymena.com\\\/morocco\\\/?s={search_term_string}\"},\"query-input\":{\"@type\":\"PropertyValueSpecification\",\"valueRequired\":true,\"valueName\":\"search_term_string\"}}],\"inLanguage\":\"en-US\"}]}<\/script>\n<!-- \/ Yoast SEO plugin. -->","yoast_head_json":{"title":"Elu Produit de l'Ann\u00e9e Maroc-2024 - Morocco - POYMENA","description":"D\u00e9couvrez les produits \"\u00c9lu Produit de l'Ann\u00e9e Maroc\", pl\u00e9biscit\u00e9s par les consommateurs marocains. 30 produits Gagnants au Palmar\u00e8s 2024.","robots":{"index":"index","follow":"follow","max-snippet":"max-snippet:-1","max-image-preview":"max-image-preview:large","max-video-preview":"max-video-preview:-1"},"canonical":"https:\/\/www.poymena.com\/morocco\/elu-produit-de-lannee-maroc-2024\/","og_locale":"en_US","og_type":"article","og_title":"Elu Produit de l'Ann\u00e9e Maroc-2024 - Morocco - POYMENA","og_description":"D\u00e9couvrez les produits \"\u00c9lu Produit de l'Ann\u00e9e Maroc\", pl\u00e9biscit\u00e9s par les consommateurs marocains. 30 produits Gagnants au Palmar\u00e8s 2024.","og_url":"https:\/\/www.poymena.com\/morocco\/elu-produit-de-lannee-maroc-2024\/","og_site_name":"Morocco - POYMENA","article_modified_time":"2025-02-18T18:12:49+00:00","twitter_card":"summary_large_image","schema":{"@context":"https:\/\/schema.org","@graph":[{"@type":"WebPage","@id":"https:\/\/www.poymena.com\/morocco\/elu-produit-de-lannee-maroc-2024\/","url":"https:\/\/www.poymena.com\/morocco\/elu-produit-de-lannee-maroc-2024\/","name":"Elu Produit de l'Ann\u00e9e Maroc-2024 - Morocco - POYMENA","isPartOf":{"@id":"https:\/\/www.poymena.com\/morocco\/#website"},"datePublished":"2024-10-09T15:11:14+00:00","dateModified":"2025-02-18T18:12:49+00:00","description":"D\u00e9couvrez les produits \"\u00c9lu Produit de l'Ann\u00e9e Maroc\", pl\u00e9biscit\u00e9s par les consommateurs marocains. 30 produits Gagnants au Palmar\u00e8s 2024.","breadcrumb":{"@id":"https:\/\/www.poymena.com\/morocco\/elu-produit-de-lannee-maroc-2024\/#breadcrumb"},"inLanguage":"en-US","potentialAction":[{"@type":"ReadAction","target":["https:\/\/www.poymena.com\/morocco\/elu-produit-de-lannee-maroc-2024\/"]}]},{"@type":"BreadcrumbList","@id":"https:\/\/www.poymena.com\/morocco\/elu-produit-de-lannee-maroc-2024\/#breadcrumb","itemListElement":[{"@type":"ListItem","position":1,"name":"Home","item":"https:\/\/www.poymena.com\/morocco\/"},{"@type":"ListItem","position":2,"name":"Elu Produit de l&#8217;Ann\u00e9e Maroc-2024"}]},{"@type":"WebSite","@id":"https:\/\/www.poymena.com\/morocco\/#website","url":"https:\/\/www.poymena.com\/morocco\/","name":"Morocco - POYMENA","description":"","potentialAction":[{"@type":"SearchAction","target":{"@type":"EntryPoint","urlTemplate":"https:\/\/www.poymena.com\/morocco\/?s={search_term_string}"},"query-input":{"@type":"PropertyValueSpecification","valueRequired":true,"valueName":"search_term_string"}}],"inLanguage":"en-US"}]}},"_links":{"self":[{"href":"https:\/\/www.poymena.com\/morocco\/wp-json\/wp\/v2\/pages\/964","targetHints":{"allow":["GET"]}}],"collection":[{"href":"https:\/\/www.poymena.com\/morocco\/wp-json\/wp\/v2\/pages"}],"about":[{"href":"https:\/\/www.poymena.com\/morocco\/wp-json\/wp\/v2\/types\/page"}],"author":[{"embeddable":true,"href":"https:\/\/www.poymena.com\/morocco\/wp-json\/wp\/v2\/users\/2"}],"replies":[{"embeddable":true,"href":"https:\/\/www.poymena.com\/morocco\/wp-json\/wp\/v2\/comments?post=964"}],"version-history":[{"count":1,"href":"https:\/\/www.poymena.com\/morocco\/wp-json\/wp\/v2\/pages\/964\/revisions"}],"predecessor-version":[{"id":965,"href":"https:\/\/www.poymena.com\/morocco\/wp-json\/wp\/v2\/pages\/964\/revisions\/965"}],"wp:attachment":[{"href":"https:\/\/www.poymena.com\/morocco\/wp-json\/wp\/v2\/media?parent=964"}],"curies":[{"name":"wp","href":"https:\/\/api.w.org\/{rel}","templated":true}]}}