{"id":43,"date":"2017-06-07T09:50:19","date_gmt":"2017-06-07T09:50:19","guid":{"rendered":"https:\/\/www.poymena.com\/tunisia\/?page_id=43"},"modified":"2019-05-09T08:10:59","modified_gmt":"2019-05-09T06:10:59","slug":"about","status":"publish","type":"page","link":"https:\/\/www.poymena.com\/tunisia\/about\/","title":{"rendered":"LA SOCI\u00c9T\u00c9"},"content":{"rendered":"<div class=\"wpb-content-wrapper\"><p>[vc_row][vc_column width=&#8221;1\/6&#8243;][\/vc_column][vc_column width=&#8221;2\/3&#8243;][vc_empty_space height=&#8221;90px&#8221;][vc_column_text]<\/p>\n<p style=\"text-align: justify;\">\u00ab Produit De l\u2019Ann\u00e9e Tunisie \u00bb concerne la plus vaste \u00e9tude sur le comportement du consommateur tunisien face \u00e0 l\u2019innovation des produits. Cr\u00e9e en 1987, le label \u00ab \u00c9lu Produit De l\u2019Ann\u00e9e \u00bb est aujourd\u2019hui pr\u00e9sent dans 40 pays et concerne plus de 3,5 milliards de consommateurs \u00e0 travers le monde. Le label a pour but essentiel de guider le consommateur vers\u00a0les nouveaux produits sur le march\u00e9 et de r\u00e9compenser les marques et les fournisseurs de services pour leurs innovations.<\/p>\n<p style=\"text-align: justify;\">Le label \u00ab \u00c9lu Produit De l\u2019Ann\u00e9e \u00bb est d\u00e9cern\u00e9 par 2,400 consommateurs chaque ann\u00e9e. Un prix qui sert d\u2019indicateur pour les acheteurs, et qui leur permet de gagner du temps et de l&#8217;argent.<\/p>\n<p style=\"text-align: justify;\">Quant aux produits gagnants, le logo repr\u00e9sente pour eux un argument marketing tr\u00e8s puissant, avec des r\u00e9sultats prouv\u00e9s notamment \u00e0 travers l&#8217;augmentation des ventes, l\u2019\u00e9largissement de la distribution et la notori\u00e9t\u00e9 de la marque.<\/p>\n<p style=\"text-align: justify;\">\u00ab Produit De l&#8217;Ann\u00e9e \u00bb re\u00e7oit des participations chaque ann\u00e9e de tous types de produits de consommation et de service mettant en avant leurs nouvelles innovations.<\/p>\n<p>Les produits participants sont ensuite class\u00e9s dans des cat\u00e9gories sp\u00e9cifiques telles que : les aliments, les boissons ou encore les produits m\u00e9nagers ou les produits de service. Les produits gagnants sont alors choisis et \u00ab \u00c9lu Produit De l\u2019Ann\u00e9e \u00bb par le biais d\u2019une \u00e9tude en \u00ab face \u00e0 face \u00bb effectu\u00e9e par L\u2019institut El Amouri.<\/p>\n<p style=\"text-align: justify;\">L\u2019annonce des gagnants se fait en f\u00e9vrier de chaque ann\u00e9e et les produits laur\u00e9ats auront le droit d&#8217;afficher le logo \u00ab Produit De l&#8217;Ann\u00e9e \u00bb dans leurs publicit\u00e9s, sur leur emballage et sur tous les supports de communication, et ce pendant un an.<\/p>\n<p>[\/vc_column_text][vc_empty_space height=&#8221;50px&#8221;][\/vc_column][\/vc_row][vc_row][vc_column][vc_empty_space height=&#8221;50px&#8221;][vc_text_separator title=&#8221;PDA Ceremonie 2017&#8243; color=&#8221;custom&#8221; accent_color=&#8221;#e2003c&#8221;][\/vc_column][\/vc_row][vc_row][vc_column width=&#8221;1\/6&#8243;][\/vc_column][vc_column width=&#8221;2\/3&#8243;][vc_column_text]<iframe loading=\"lazy\" src=\"https:\/\/www.youtube.com\/embed\/xl2X6aN2Jns?rel=0\" width=\"700\" height=\"415\" frameborder=\"0\" allowfullscreen=\"allowfullscreen\"><\/iframe>[\/vc_column_text][\/vc_column][vc_column width=&#8221;1\/6&#8243;][\/vc_column][\/vc_row][vc_row][vc_column][vc_empty_space height=&#8221;90px&#8221;][\/vc_column][\/vc_row]<\/p>\n<\/div>","protected":false},"excerpt":{"rendered":"<p>[vc_row][vc_column width=&#8221;1\/6&#8243;][\/vc_column][vc_column width=&#8221;2\/3&#8243;][vc_empty_space height=&#8221;90px&#8221;][vc_column_text] \u00ab Produit De l\u2019Ann\u00e9e Tunisie \u00bb concerne la plus vaste \u00e9tude sur le comportement du consommateur&#8230;<\/p>\n","protected":false},"author":2,"featured_media":0,"parent":0,"menu_order":0,"comment_status":"closed","ping_status":"closed","template":"","meta":{"_acf_changed":false,"footnotes":""},"class_list":["post-43","page","type-page","status-publish","hentry"],"acf":[],"yoast_head":"<!-- This site is optimized with the Yoast SEO plugin v26.8 - https:\/\/yoast.com\/product\/yoast-seo-wordpress\/ -->\n<title>LA SOCI\u00c9T\u00c9 - Tunisia - POYMENA<\/title>\n<meta name=\"robots\" content=\"index, follow, max-snippet:-1, max-image-preview:large, max-video-preview:-1\" \/>\n<link rel=\"canonical\" href=\"https:\/\/www.poymena.com\/tunisia\/about\/\" \/>\n<meta property=\"og:locale\" content=\"en_US\" \/>\n<meta property=\"og:type\" content=\"article\" \/>\n<meta property=\"og:title\" content=\"LA SOCI\u00c9T\u00c9 - Tunisia - POYMENA\" \/>\n<meta property=\"og:description\" content=\"[vc_row][vc_column width=&#8221;1\/6&#8243;][\/vc_column][vc_column width=&#8221;2\/3&#8243;][vc_empty_space height=&#8221;90px&#8221;][vc_column_text] \u00ab Produit De l\u2019Ann\u00e9e Tunisie \u00bb concerne la plus vaste \u00e9tude sur le comportement du consommateur...\" \/>\n<meta property=\"og:url\" content=\"https:\/\/www.poymena.com\/tunisia\/about\/\" \/>\n<meta property=\"og:site_name\" content=\"Tunisia - POYMENA\" \/>\n<meta property=\"article:modified_time\" content=\"2019-05-09T06:10:59+00:00\" \/>\n<meta name=\"twitter:card\" content=\"summary_large_image\" \/>\n<meta name=\"twitter:label1\" content=\"Est. reading time\" \/>\n\t<meta name=\"twitter:data1\" content=\"2 minutes\" \/>\n<script type=\"application\/ld+json\" class=\"yoast-schema-graph\">{\"@context\":\"https:\/\/schema.org\",\"@graph\":[{\"@type\":\"WebPage\",\"@id\":\"https:\/\/www.poymena.com\/tunisia\/about\/\",\"url\":\"https:\/\/www.poymena.com\/tunisia\/about\/\",\"name\":\"LA SOCI\u00c9T\u00c9 - Tunisia - POYMENA\",\"isPartOf\":{\"@id\":\"https:\/\/www.poymena.com\/tunisia\/#website\"},\"datePublished\":\"2017-06-07T09:50:19+00:00\",\"dateModified\":\"2019-05-09T06:10:59+00:00\",\"breadcrumb\":{\"@id\":\"https:\/\/www.poymena.com\/tunisia\/about\/#breadcrumb\"},\"inLanguage\":\"en-US\",\"potentialAction\":[{\"@type\":\"ReadAction\",\"target\":[\"https:\/\/www.poymena.com\/tunisia\/about\/\"]}]},{\"@type\":\"BreadcrumbList\",\"@id\":\"https:\/\/www.poymena.com\/tunisia\/about\/#breadcrumb\",\"itemListElement\":[{\"@type\":\"ListItem\",\"position\":1,\"name\":\"Home\",\"item\":\"https:\/\/www.poymena.com\/tunisia\/\"},{\"@type\":\"ListItem\",\"position\":2,\"name\":\"LA SOCI\u00c9T\u00c9\"}]},{\"@type\":\"WebSite\",\"@id\":\"https:\/\/www.poymena.com\/tunisia\/#website\",\"url\":\"https:\/\/www.poymena.com\/tunisia\/\",\"name\":\"Tunisia - POYMENA\",\"description\":\"\",\"potentialAction\":[{\"@type\":\"SearchAction\",\"target\":{\"@type\":\"EntryPoint\",\"urlTemplate\":\"https:\/\/www.poymena.com\/tunisia\/?s={search_term_string}\"},\"query-input\":{\"@type\":\"PropertyValueSpecification\",\"valueRequired\":true,\"valueName\":\"search_term_string\"}}],\"inLanguage\":\"en-US\"}]}<\/script>\n<!-- \/ Yoast SEO plugin. -->","yoast_head_json":{"title":"LA SOCI\u00c9T\u00c9 - Tunisia - POYMENA","robots":{"index":"index","follow":"follow","max-snippet":"max-snippet:-1","max-image-preview":"max-image-preview:large","max-video-preview":"max-video-preview:-1"},"canonical":"https:\/\/www.poymena.com\/tunisia\/about\/","og_locale":"en_US","og_type":"article","og_title":"LA SOCI\u00c9T\u00c9 - Tunisia - POYMENA","og_description":"[vc_row][vc_column width=&#8221;1\/6&#8243;][\/vc_column][vc_column width=&#8221;2\/3&#8243;][vc_empty_space height=&#8221;90px&#8221;][vc_column_text] \u00ab Produit De l\u2019Ann\u00e9e Tunisie \u00bb concerne la plus vaste \u00e9tude sur le comportement du consommateur...","og_url":"https:\/\/www.poymena.com\/tunisia\/about\/","og_site_name":"Tunisia - POYMENA","article_modified_time":"2019-05-09T06:10:59+00:00","twitter_card":"summary_large_image","twitter_misc":{"Est. reading time":"2 minutes"},"schema":{"@context":"https:\/\/schema.org","@graph":[{"@type":"WebPage","@id":"https:\/\/www.poymena.com\/tunisia\/about\/","url":"https:\/\/www.poymena.com\/tunisia\/about\/","name":"LA SOCI\u00c9T\u00c9 - Tunisia - POYMENA","isPartOf":{"@id":"https:\/\/www.poymena.com\/tunisia\/#website"},"datePublished":"2017-06-07T09:50:19+00:00","dateModified":"2019-05-09T06:10:59+00:00","breadcrumb":{"@id":"https:\/\/www.poymena.com\/tunisia\/about\/#breadcrumb"},"inLanguage":"en-US","potentialAction":[{"@type":"ReadAction","target":["https:\/\/www.poymena.com\/tunisia\/about\/"]}]},{"@type":"BreadcrumbList","@id":"https:\/\/www.poymena.com\/tunisia\/about\/#breadcrumb","itemListElement":[{"@type":"ListItem","position":1,"name":"Home","item":"https:\/\/www.poymena.com\/tunisia\/"},{"@type":"ListItem","position":2,"name":"LA SOCI\u00c9T\u00c9"}]},{"@type":"WebSite","@id":"https:\/\/www.poymena.com\/tunisia\/#website","url":"https:\/\/www.poymena.com\/tunisia\/","name":"Tunisia - POYMENA","description":"","potentialAction":[{"@type":"SearchAction","target":{"@type":"EntryPoint","urlTemplate":"https:\/\/www.poymena.com\/tunisia\/?s={search_term_string}"},"query-input":{"@type":"PropertyValueSpecification","valueRequired":true,"valueName":"search_term_string"}}],"inLanguage":"en-US"}]}},"_links":{"self":[{"href":"https:\/\/www.poymena.com\/tunisia\/wp-json\/wp\/v2\/pages\/43","targetHints":{"allow":["GET"]}}],"collection":[{"href":"https:\/\/www.poymena.com\/tunisia\/wp-json\/wp\/v2\/pages"}],"about":[{"href":"https:\/\/www.poymena.com\/tunisia\/wp-json\/wp\/v2\/types\/page"}],"author":[{"embeddable":true,"href":"https:\/\/www.poymena.com\/tunisia\/wp-json\/wp\/v2\/users\/2"}],"replies":[{"embeddable":true,"href":"https:\/\/www.poymena.com\/tunisia\/wp-json\/wp\/v2\/comments?post=43"}],"version-history":[{"count":22,"href":"https:\/\/www.poymena.com\/tunisia\/wp-json\/wp\/v2\/pages\/43\/revisions"}],"predecessor-version":[{"id":651,"href":"https:\/\/www.poymena.com\/tunisia\/wp-json\/wp\/v2\/pages\/43\/revisions\/651"}],"wp:attachment":[{"href":"https:\/\/www.poymena.com\/tunisia\/wp-json\/wp\/v2\/media?parent=43"}],"curies":[{"name":"wp","href":"https:\/\/api.w.org\/{rel}","templated":true}]}}