{"id":45,"date":"2017-06-07T09:52:10","date_gmt":"2017-06-07T09:52:10","guid":{"rendered":"https:\/\/www.poymena.com\/tunisia\/?page_id=45"},"modified":"2020-09-24T12:40:51","modified_gmt":"2020-09-24T10:40:51","slug":"expert-evaluation","status":"publish","type":"page","link":"https:\/\/www.poymena.com\/tunisia\/expert-evaluation\/","title":{"rendered":"Le Comit\u00e9 D&#8217;Experts"},"content":{"rendered":"<div class=\"wpb-content-wrapper\"><p>[vc_row][vc_column width=&#8221;1\/6&#8243;][\/vc_column][vc_column width=&#8221;2\/3&#8243;][vc_empty_space height=&#8221;80px&#8221;][vc_column_text]D\u00e8s sa cr\u00e9ation, Les Produits de l\u2019Ann\u00e9e ont souhait\u00e9 s\u2019entourer d\u2019un Comit\u00e9 d\u2019Experts afin de garantir la transparence dans sa d\u00e9marche, sa d\u00e9ontologie et sa m\u00e9thodologie.<\/p>\n<p>Le Comit\u00e9 d\u2019Experts est constitu\u00e9 de syndicats et organisations professionnelles ainsi que d\u2019associations professionnelles des m\u00e9tiers du commerce, du marketing et de la communication. Le r\u00f4le du Comit\u00e9 est de statuer sur la validit\u00e9 des candidatures en veillant \u00e0 ce que les industriels respectent l\u2019int\u00e9gralit\u00e9 des crit\u00e8res d\u2019\u00e9ligibilit\u00e9 au concours.[\/vc_column_text][vc_empty_space height=&#8221;80px&#8221;][vc_column_text]<\/p>\n<h4 style=\"text-align: center; text-transform: uppercase;\"><span style=\"color: #e2003c;\">Le r\u00f4le du comit\u00e9 d\u2019experts<\/span><\/h4>\n<p>[\/vc_column_text][vc_row_inner el_class=&#8221;tick-row&#8221;][vc_column_inner el_class=&#8221;bullet-row&#8221; width=&#8221;1\/6&#8243;][vc_icon icon_fontawesome=&#8221;fa fa-plus-circle&#8221; color=&#8221;custom&#8221; custom_color=&#8221;#e2003c&#8221;][\/vc_column_inner][vc_column_inner width=&#8221;5\/6&#8243;][vc_column_text]<\/p>\n<p style=\"text-align: justify;\">La r\u00e9union du Comit\u00e9 D\u2019Experts s\u2019organise une fois le processus d\u2019inscription est finalis\u00e9 et clos.<\/p>\n<p>[\/vc_column_text][\/vc_column_inner][\/vc_row_inner][vc_row_inner el_class=&#8221;tick-row&#8221;][vc_column_inner el_class=&#8221;bullet-row&#8221; width=&#8221;1\/6&#8243;][vc_icon icon_fontawesome=&#8221;fa fa-plus-circle&#8221; color=&#8221;custom&#8221; custom_color=&#8221;#e2003c&#8221;][\/vc_column_inner][vc_column_inner width=&#8221;5\/6&#8243;][vc_column_text]<\/p>\n<p style=\"text-align: justify;\">Les membres du Comit\u00e9 D&#8217;Experts valident\u00a0que tous les produits propos\u00e9s respectent les crit\u00e8res et sont acceptables \u00e0 l&#8217;enqu\u00eate.<\/p>\n<p>[\/vc_column_text][\/vc_column_inner][\/vc_row_inner][vc_row_inner el_class=&#8221;tick-row&#8221;][vc_column_inner el_class=&#8221;bullet-row&#8221; width=&#8221;1\/6&#8243;][vc_icon icon_fontawesome=&#8221;fa fa-plus-circle&#8221; color=&#8221;custom&#8221; custom_color=&#8221;#e2003c&#8221;][\/vc_column_inner][vc_column_inner width=&#8221;5\/6&#8243;][vc_column_text]<\/p>\n<p style=\"text-align: justify;\">Le Comit\u00e9 validera les candidatures\u00a0et permettra aux produits s\u00e9lectionn\u00e9s de proc\u00e9der \u00e0 la phase d&#8217;enqu\u00eate aupr\u00e8s des consommateurs.<\/p>\n<p>[\/vc_column_text][\/vc_column_inner][\/vc_row_inner][vc_row_inner el_class=&#8221;tick-row&#8221;][vc_column_inner el_class=&#8221;bullet-row&#8221; width=&#8221;1\/6&#8243;][vc_icon icon_fontawesome=&#8221;fa fa-plus-circle&#8221; color=&#8221;custom&#8221; custom_color=&#8221;#e2003c&#8221;][\/vc_column_inner][vc_column_inner width=&#8221;5\/6&#8243;][vc_column_text]<\/p>\n<p style=\"text-align: justify;\">Le Comit\u00e9 D&#8217;Experts est le garant de la transparence de la d\u00e9marche, de la d\u00e9ontologie et de la m\u00e9thodologie.<\/p>\n<p>[\/vc_column_text][\/vc_column_inner][\/vc_row_inner][vc_row_inner el_class=&#8221;tick-row&#8221;][vc_column_inner el_class=&#8221;bullet-row&#8221; width=&#8221;1\/6&#8243;][vc_icon icon_fontawesome=&#8221;fa fa-plus-circle&#8221; color=&#8221;custom&#8221; custom_color=&#8221;#e2003c&#8221;][\/vc_column_inner][vc_column_inner width=&#8221;5\/6&#8243;][vc_column_text]<\/p>\n<p style=\"text-align: justify;\">Le Comit\u00e9 se compose d&#8217;un panel de professionnels de l&#8217;industrie et d&#8217;experts renomm\u00e9s de divers domaines (tels que la communication, le marketing, les m\u00e9dias).<\/p>\n<p>[\/vc_column_text][\/vc_column_inner][\/vc_row_inner][vc_empty_space height=&#8221;50px&#8221;][\/vc_column][vc_column width=&#8221;1\/6&#8243;][\/vc_column][\/vc_row][vc_row][vc_column][vc_text_separator title=&#8221;L&#8217;\u00e9valuation des experts&#8221; color=&#8221;custom&#8221; accent_color=&#8221;#e2003c&#8221;][vc_empty_space][vc_column_text]<\/p>\n<p><img loading=\"lazy\" decoding=\"async\" class=\"size-medium wp-image-389 aligncenter\" src=\"https:\/\/www.poymena.com\/tunisia\/wp-content\/uploads\/2017\/06\/Jury-Day-Tunisia-pic-251x300.jpg\" alt=\"\" width=\"251\" height=\"300\" srcset=\"https:\/\/www.poymena.com\/tunisia\/wp-content\/uploads\/2017\/06\/Jury-Day-Tunisia-pic-251x300.jpg 251w, https:\/\/www.poymena.com\/tunisia\/wp-content\/uploads\/2017\/06\/Jury-Day-Tunisia-pic.jpg 707w\" sizes=\"auto, (max-width: 251px) 100vw, 251px\" \/>[\/vc_column_text][vc_empty_space height=&#8221;50px&#8221;][\/vc_column][\/vc_row][vc_row][vc_column][vc_text_separator title=&#8221;Membres du comit\u00e9 d\u2019experts&#8221; color=&#8221;custom&#8221; accent_color=&#8221;#e2003c&#8221;][\/vc_column][\/vc_row][vc_row][vc_column width=&#8221;1\/3&#8243;][vc_column_text]<\/p>\n<div class=\"card\">\n<p><a href=\"http:\/\/www.ccitunis.org.tn\" target=\"_blank\" rel=\"noopener noreferrer\"><img loading=\"lazy\" decoding=\"async\" class=\"alignnone size-full wp-image-275\" src=\"https:\/\/www.poymena.com\/tunisia\/wp-content\/uploads\/2017\/06\/CCIT.jpg\" alt=\"\" width=\"250\" height=\"120\" \/><br \/>\n<\/a><\/p>\n<div class=\"card-block\">\n<h5><a style=\"color: #e2003c;\" href=\"http:\/\/www.ccitunis.org.tn\" target=\"_blank\" rel=\"noopener noreferrer\">Chambre de Commerce et d&#8217;Industrie de Tunis &#8211; CCIT<\/a><\/h5>\n<\/div>\n<\/div>\n<p>[\/vc_column_text][\/vc_column][vc_column width=&#8221;1\/3&#8243;][vc_column_text]<\/p>\n<div class=\"card\">\n<p><img loading=\"lazy\" decoding=\"async\" class=\"alignnone size-full wp-image-273\" src=\"https:\/\/www.poymena.com\/tunisia\/wp-content\/uploads\/2017\/06\/ATM.jpg\" alt=\"\" width=\"250\" height=\"120\" \/><\/p>\n<h5 style=\"color: #e2003c;\">Association Tunisienne de Marketing- ATM<\/h5>\n<\/div>\n<p>[\/vc_column_text][\/vc_column][vc_column width=&#8221;1\/3&#8243;][vc_column_text]<\/p>\n<div class=\"card\">\n<p><a href=\"http:\/\/www.cjd-tunisie.org\" target=\"_blank\" rel=\"noopener noreferrer\"><img loading=\"lazy\" decoding=\"async\" class=\"alignnone size-full wp-image-276\" src=\"https:\/\/www.poymena.com\/tunisia\/wp-content\/uploads\/2017\/06\/CJD.jpg\" alt=\"\" width=\"250\" height=\"120\" \/><\/a><\/p>\n<div class=\"card-block\">\n<h5><a style=\"color: #e2003c;\" href=\"http:\/\/www.cjd-tunisie.org\" target=\"_blank\" rel=\"noopener noreferrer\">Centre de Jeunes Dirigeants d\u2019Entreprises \u2013 CJD<\/a><\/h5>\n<\/div>\n<\/div>\n<p>[\/vc_column_text][\/vc_column][\/vc_row][vc_row][vc_column width=&#8221;1\/3&#8243;][vc_column_text]<\/p>\n<div class=\"card\">\n<p><a href=\"http:\/\/www.packtec.tn\" target=\"_blank\" rel=\"noopener noreferrer\"><img loading=\"lazy\" decoding=\"async\" class=\"alignnone size-full wp-image-281\" src=\"https:\/\/www.poymena.com\/tunisia\/wp-content\/uploads\/2017\/06\/PACKTEC.jpg\" alt=\"\" width=\"250\" height=\"120\" \/><\/a><\/p>\n<div class=\"card-block\">\n<h5><a style=\"color: #e2003c;\" href=\"http:\/\/www.packtec.tn\" target=\"_blank\" rel=\"noopener noreferrer\">Centre Technique de l&#8217;Emballage et du Conditionnement &#8211; PACKTEC<\/a><\/h5>\n<\/div>\n<\/div>\n<p>[\/vc_column_text][\/vc_column][vc_column width=&#8221;1\/3&#8243;][vc_column_text]<\/p>\n<div class=\"card\">\n<p><a href=\"http:\/\/www.conect.org.tn\" target=\"_blank\" rel=\"noopener noreferrer\"><img loading=\"lazy\" decoding=\"async\" class=\"alignnone size-full wp-image-278\" src=\"https:\/\/www.poymena.com\/tunisia\/wp-content\/uploads\/2017\/06\/CONECT.jpg\" alt=\"\" width=\"250\" height=\"120\" \/><\/a><\/p>\n<div class=\"card-block\">\n<h5><a style=\"color: #e2003c;\" href=\"http:\/\/www.conect.org.tn\" target=\"_blank\" rel=\"noopener noreferrer\">Conf\u00e9d\u00e9ration des Entreprises Citoyennes de Tunisie<\/a><\/h5>\n<\/div>\n<\/div>\n<p>[\/vc_column_text][\/vc_column][vc_column width=&#8221;1\/3&#8243;][vc_column_text]<\/p>\n<div class=\"card\">\n<p><a href=\"http:\/\/www.webone-tunisie.com\/sapa\/content\/pres.htm\" target=\"_blank\" rel=\"noopener noreferrer\"><br \/>\n<img loading=\"lazy\" decoding=\"async\" class=\"alignnone size-full wp-image-282\" src=\"https:\/\/www.poymena.com\/tunisia\/wp-content\/uploads\/2017\/06\/SAPA.jpg\" alt=\"\" width=\"250\" height=\"120\" \/><\/a><\/p>\n<div class=\"card-block\">\n<h5 style=\"color: #e2003c;\"><a style=\"color: #e2003c;\" href=\"http:\/\/www.webone-tunisie.com\/sapa\/content\/pres.htm\">Syndicat des Agences de Publicitaire Agr\u00e9\u00e9es &#8211; SAPA<\/a><\/h5>\n<\/div>\n<\/div>\n<p>[\/vc_column_text][\/vc_column][\/vc_row][vc_row][vc_column width=&#8221;1\/3&#8243;][vc_column_text]<\/p>\n<div class=\"card\">\n<p><a href=\"http:\/\/ata-audimetrie.org\" target=\"_blank\" rel=\"noopener noreferrer\"><img loading=\"lazy\" decoding=\"async\" class=\"alignnone size-full wp-image-272\" src=\"https:\/\/www.poymena.com\/tunisia\/wp-content\/uploads\/2017\/06\/ATA.jpg\" alt=\"\" width=\"250\" height=\"120\" \/><\/a><\/p>\n<div class=\"card-block\">\n<h5><a style=\"color: #e2003c;\" href=\"http:\/\/ata-audimetrie.org\" target=\"_blank\" rel=\"noopener noreferrer\">Association Tunisienne de l&#8217;Audim\u00e9trie &#8211; ATA<\/a><\/h5>\n<\/div>\n<\/div>\n<p>[\/vc_column_text][\/vc_column][vc_column width=&#8221;1\/3&#8243;][vc_column_text]<\/p>\n<div class=\"card\">\n<p><a href=\"http:\/\/jamaity.org\/association\/association-tunisienne-des-professionnels-du-marketing-et-de-la-communication\/\" target=\"_blank\" rel=\"noopener noreferrer\"><img loading=\"lazy\" decoding=\"async\" class=\"alignnone size-full wp-image-274\" src=\"https:\/\/www.poymena.com\/tunisia\/wp-content\/uploads\/2017\/06\/ATPMC.jpg\" alt=\"\" width=\"250\" height=\"120\" \/><\/a><\/p>\n<div class=\"card-block\">\n<h5><a style=\"color: #e2003c;\" href=\"http:\/\/jamaity.org\/association\/association-tunisienne-des-professionnels-du-marketing-et-de-la-communication\/\" target=\"_blank\" rel=\"noopener noreferrer\">Association Tunisienne des Professionnels du Marketing et de la Communication &#8211; ATPMC<\/a><\/h5>\n<\/div>\n<\/div>\n<p>[\/vc_column_text][\/vc_column][vc_column width=&#8221;1\/3&#8243;][vc_column_text]<\/p>\n<div class=\"card\">\n<p><a href=\"http:\/\/www.ctc.ind.tn\" target=\"_blank\" rel=\"noopener noreferrer\"><br \/>\n<img loading=\"lazy\" decoding=\"async\" class=\"alignnone size-full wp-image-279\" src=\"https:\/\/www.poymena.com\/tunisia\/wp-content\/uploads\/2017\/06\/CTC.jpg\" alt=\"\" width=\"250\" height=\"120\" \/><\/a><\/p>\n<div class=\"card-block\">\n<h5 style=\"color: #e2003c;\"><a style=\"color: #e2003c;\" href=\"http:\/\/www.ctc.ind.tn\">Centre technique de la Chimie &#8211; CTC<\/a><\/h5>\n<\/div>\n<\/div>\n<p>[\/vc_column_text][\/vc_column][\/vc_row][vc_row][vc_column width=&#8221;1\/3&#8243;][vc_column_text]<\/p>\n<div class=\"card\">\n<p><a href=\"http:\/\/www.cnfce.org\" target=\"_blank\" rel=\"noopener noreferrer\"><br \/>\n<img loading=\"lazy\" decoding=\"async\" class=\"alignnone size-full wp-image-277\" src=\"https:\/\/www.poymena.com\/tunisia\/wp-content\/uploads\/2017\/06\/CNFCE.jpg\" alt=\"\" width=\"250\" height=\"120\" \/><\/a><\/p>\n<div class=\"card-block\">\n<h5 style=\"color: #e2003c;\"><a style=\"color: #e2003c;\" href=\"http:\/\/www.cnfce.org\">Chambre Nationale des Femmes Chefs d&#8217;Entreprises &#8211; CNFCE<\/a><\/h5>\n<\/div>\n<\/div>\n<p>[\/vc_column_text][\/vc_column][vc_column width=&#8221;1\/3&#8243;][vc_column_text]<\/p>\n<div class=\"card\">\n<p><a href=\"http:\/\/www.iace.tn\" target=\"_blank\" rel=\"noopener noreferrer\"><br \/>\n<img loading=\"lazy\" decoding=\"async\" class=\"alignnone size-full wp-image-280\" src=\"https:\/\/www.poymena.com\/tunisia\/wp-content\/uploads\/2017\/06\/IACE.jpg\" alt=\"\" width=\"250\" height=\"120\" \/><\/a><\/p>\n<div class=\"card-block\">\n<h5 style=\"color: #e2003c;\"><a style=\"color: #e2003c;\" href=\"http:\/\/www.iace.tn\">Institut Arabe des Chefs d&#8217;Entreprises &#8211; IACE<\/a><\/h5>\n<\/div>\n<\/div>\n<p>[\/vc_column_text][\/vc_column][vc_column width=&#8221;1\/3&#8243;][\/vc_column][\/vc_row][vc_row][vc_column][vc_empty_space height=&#8221;80px&#8221;][\/vc_column][\/vc_row]<\/p>\n<\/div>","protected":false},"excerpt":{"rendered":"<p>[vc_row][vc_column width=&#8221;1\/6&#8243;][\/vc_column][vc_column width=&#8221;2\/3&#8243;][vc_empty_space height=&#8221;80px&#8221;][vc_column_text]D\u00e8s sa cr\u00e9ation, Les Produits de l\u2019Ann\u00e9e ont souhait\u00e9 s\u2019entourer d\u2019un Comit\u00e9 d\u2019Experts afin de garantir la&#8230;<\/p>\n","protected":false},"author":2,"featured_media":0,"parent":0,"menu_order":0,"comment_status":"closed","ping_status":"closed","template":"","meta":{"_acf_changed":false,"footnotes":""},"class_list":["post-45","page","type-page","status-publish","hentry"],"acf":[],"yoast_head":"<!-- This site is optimized with the Yoast SEO plugin v26.8 - https:\/\/yoast.com\/product\/yoast-seo-wordpress\/ -->\n<title>Le Comit\u00e9 D&#039;Experts - Tunisia - POYMENA<\/title>\n<meta name=\"robots\" content=\"index, follow, max-snippet:-1, max-image-preview:large, max-video-preview:-1\" \/>\n<link rel=\"canonical\" href=\"https:\/\/www.poymena.com\/tunisia\/expert-evaluation\/\" \/>\n<meta property=\"og:locale\" content=\"en_US\" \/>\n<meta property=\"og:type\" content=\"article\" \/>\n<meta property=\"og:title\" content=\"Le Comit\u00e9 D&#039;Experts - Tunisia - POYMENA\" \/>\n<meta property=\"og:description\" content=\"[vc_row][vc_column width=&#8221;1\/6&#8243;][\/vc_column][vc_column width=&#8221;2\/3&#8243;][vc_empty_space height=&#8221;80px&#8221;][vc_column_text]D\u00e8s sa cr\u00e9ation, Les Produits de l\u2019Ann\u00e9e ont souhait\u00e9 s\u2019entourer d\u2019un Comit\u00e9 d\u2019Experts afin de garantir la...\" \/>\n<meta property=\"og:url\" content=\"https:\/\/www.poymena.com\/tunisia\/expert-evaluation\/\" \/>\n<meta property=\"og:site_name\" content=\"Tunisia - POYMENA\" \/>\n<meta property=\"article:modified_time\" content=\"2020-09-24T10:40:51+00:00\" \/>\n<meta property=\"og:image\" content=\"https:\/\/www.poymena.com\/tunisia\/wp-content\/uploads\/2017\/06\/Jury-Day-Tunisia-pic.jpg\" \/>\n\t<meta property=\"og:image:width\" content=\"707\" \/>\n\t<meta property=\"og:image:height\" content=\"845\" \/>\n\t<meta property=\"og:image:type\" content=\"image\/jpeg\" \/>\n<meta name=\"twitter:card\" content=\"summary_large_image\" \/>\n<meta name=\"twitter:label1\" content=\"Est. reading time\" \/>\n\t<meta name=\"twitter:data1\" content=\"4 minutes\" \/>\n<script type=\"application\/ld+json\" class=\"yoast-schema-graph\">{\"@context\":\"https:\/\/schema.org\",\"@graph\":[{\"@type\":\"WebPage\",\"@id\":\"https:\/\/www.poymena.com\/tunisia\/expert-evaluation\/\",\"url\":\"https:\/\/www.poymena.com\/tunisia\/expert-evaluation\/\",\"name\":\"Le Comit\u00e9 D'Experts - Tunisia - POYMENA\",\"isPartOf\":{\"@id\":\"https:\/\/www.poymena.com\/tunisia\/#website\"},\"primaryImageOfPage\":{\"@id\":\"https:\/\/www.poymena.com\/tunisia\/expert-evaluation\/#primaryimage\"},\"image\":{\"@id\":\"https:\/\/www.poymena.com\/tunisia\/expert-evaluation\/#primaryimage\"},\"thumbnailUrl\":\"https:\/\/www.poymena.com\/tunisia\/wp-content\/uploads\/2017\/06\/Jury-Day-Tunisia-pic-251x300.jpg\",\"datePublished\":\"2017-06-07T09:52:10+00:00\",\"dateModified\":\"2020-09-24T10:40:51+00:00\",\"breadcrumb\":{\"@id\":\"https:\/\/www.poymena.com\/tunisia\/expert-evaluation\/#breadcrumb\"},\"inLanguage\":\"en-US\",\"potentialAction\":[{\"@type\":\"ReadAction\",\"target\":[\"https:\/\/www.poymena.com\/tunisia\/expert-evaluation\/\"]}]},{\"@type\":\"ImageObject\",\"inLanguage\":\"en-US\",\"@id\":\"https:\/\/www.poymena.com\/tunisia\/expert-evaluation\/#primaryimage\",\"url\":\"https:\/\/www.poymena.com\/tunisia\/wp-content\/uploads\/2017\/06\/Jury-Day-Tunisia-pic.jpg\",\"contentUrl\":\"https:\/\/www.poymena.com\/tunisia\/wp-content\/uploads\/2017\/06\/Jury-Day-Tunisia-pic.jpg\",\"width\":707,\"height\":845},{\"@type\":\"BreadcrumbList\",\"@id\":\"https:\/\/www.poymena.com\/tunisia\/expert-evaluation\/#breadcrumb\",\"itemListElement\":[{\"@type\":\"ListItem\",\"position\":1,\"name\":\"Home\",\"item\":\"https:\/\/www.poymena.com\/tunisia\/\"},{\"@type\":\"ListItem\",\"position\":2,\"name\":\"Le Comit\u00e9 D&#8217;Experts\"}]},{\"@type\":\"WebSite\",\"@id\":\"https:\/\/www.poymena.com\/tunisia\/#website\",\"url\":\"https:\/\/www.poymena.com\/tunisia\/\",\"name\":\"Tunisia - POYMENA\",\"description\":\"\",\"potentialAction\":[{\"@type\":\"SearchAction\",\"target\":{\"@type\":\"EntryPoint\",\"urlTemplate\":\"https:\/\/www.poymena.com\/tunisia\/?s={search_term_string}\"},\"query-input\":{\"@type\":\"PropertyValueSpecification\",\"valueRequired\":true,\"valueName\":\"search_term_string\"}}],\"inLanguage\":\"en-US\"}]}<\/script>\n<!-- \/ Yoast SEO plugin. -->","yoast_head_json":{"title":"Le Comit\u00e9 D'Experts - Tunisia - POYMENA","robots":{"index":"index","follow":"follow","max-snippet":"max-snippet:-1","max-image-preview":"max-image-preview:large","max-video-preview":"max-video-preview:-1"},"canonical":"https:\/\/www.poymena.com\/tunisia\/expert-evaluation\/","og_locale":"en_US","og_type":"article","og_title":"Le Comit\u00e9 D'Experts - Tunisia - POYMENA","og_description":"[vc_row][vc_column width=&#8221;1\/6&#8243;][\/vc_column][vc_column width=&#8221;2\/3&#8243;][vc_empty_space height=&#8221;80px&#8221;][vc_column_text]D\u00e8s sa cr\u00e9ation, Les Produits de l\u2019Ann\u00e9e ont souhait\u00e9 s\u2019entourer d\u2019un Comit\u00e9 d\u2019Experts afin de garantir la...","og_url":"https:\/\/www.poymena.com\/tunisia\/expert-evaluation\/","og_site_name":"Tunisia - POYMENA","article_modified_time":"2020-09-24T10:40:51+00:00","og_image":[{"width":707,"height":845,"url":"https:\/\/www.poymena.com\/tunisia\/wp-content\/uploads\/2017\/06\/Jury-Day-Tunisia-pic.jpg","type":"image\/jpeg"}],"twitter_card":"summary_large_image","twitter_misc":{"Est. reading time":"4 minutes"},"schema":{"@context":"https:\/\/schema.org","@graph":[{"@type":"WebPage","@id":"https:\/\/www.poymena.com\/tunisia\/expert-evaluation\/","url":"https:\/\/www.poymena.com\/tunisia\/expert-evaluation\/","name":"Le Comit\u00e9 D'Experts - Tunisia - POYMENA","isPartOf":{"@id":"https:\/\/www.poymena.com\/tunisia\/#website"},"primaryImageOfPage":{"@id":"https:\/\/www.poymena.com\/tunisia\/expert-evaluation\/#primaryimage"},"image":{"@id":"https:\/\/www.poymena.com\/tunisia\/expert-evaluation\/#primaryimage"},"thumbnailUrl":"https:\/\/www.poymena.com\/tunisia\/wp-content\/uploads\/2017\/06\/Jury-Day-Tunisia-pic-251x300.jpg","datePublished":"2017-06-07T09:52:10+00:00","dateModified":"2020-09-24T10:40:51+00:00","breadcrumb":{"@id":"https:\/\/www.poymena.com\/tunisia\/expert-evaluation\/#breadcrumb"},"inLanguage":"en-US","potentialAction":[{"@type":"ReadAction","target":["https:\/\/www.poymena.com\/tunisia\/expert-evaluation\/"]}]},{"@type":"ImageObject","inLanguage":"en-US","@id":"https:\/\/www.poymena.com\/tunisia\/expert-evaluation\/#primaryimage","url":"https:\/\/www.poymena.com\/tunisia\/wp-content\/uploads\/2017\/06\/Jury-Day-Tunisia-pic.jpg","contentUrl":"https:\/\/www.poymena.com\/tunisia\/wp-content\/uploads\/2017\/06\/Jury-Day-Tunisia-pic.jpg","width":707,"height":845},{"@type":"BreadcrumbList","@id":"https:\/\/www.poymena.com\/tunisia\/expert-evaluation\/#breadcrumb","itemListElement":[{"@type":"ListItem","position":1,"name":"Home","item":"https:\/\/www.poymena.com\/tunisia\/"},{"@type":"ListItem","position":2,"name":"Le Comit\u00e9 D&#8217;Experts"}]},{"@type":"WebSite","@id":"https:\/\/www.poymena.com\/tunisia\/#website","url":"https:\/\/www.poymena.com\/tunisia\/","name":"Tunisia - POYMENA","description":"","potentialAction":[{"@type":"SearchAction","target":{"@type":"EntryPoint","urlTemplate":"https:\/\/www.poymena.com\/tunisia\/?s={search_term_string}"},"query-input":{"@type":"PropertyValueSpecification","valueRequired":true,"valueName":"search_term_string"}}],"inLanguage":"en-US"}]}},"_links":{"self":[{"href":"https:\/\/www.poymena.com\/tunisia\/wp-json\/wp\/v2\/pages\/45","targetHints":{"allow":["GET"]}}],"collection":[{"href":"https:\/\/www.poymena.com\/tunisia\/wp-json\/wp\/v2\/pages"}],"about":[{"href":"https:\/\/www.poymena.com\/tunisia\/wp-json\/wp\/v2\/types\/page"}],"author":[{"embeddable":true,"href":"https:\/\/www.poymena.com\/tunisia\/wp-json\/wp\/v2\/users\/2"}],"replies":[{"embeddable":true,"href":"https:\/\/www.poymena.com\/tunisia\/wp-json\/wp\/v2\/comments?post=45"}],"version-history":[{"count":25,"href":"https:\/\/www.poymena.com\/tunisia\/wp-json\/wp\/v2\/pages\/45\/revisions"}],"predecessor-version":[{"id":255,"href":"https:\/\/www.poymena.com\/tunisia\/wp-json\/wp\/v2\/pages\/45\/revisions\/255"}],"wp:attachment":[{"href":"https:\/\/www.poymena.com\/tunisia\/wp-json\/wp\/v2\/media?parent=45"}],"curies":[{"name":"wp","href":"https:\/\/api.w.org\/{rel}","templated":true}]}}